{"id":99,"date":"2025-12-22T16:41:44","date_gmt":"2025-12-22T15:41:44","guid":{"rendered":"https:\/\/www.ledilaser.de\/?page_id=99"},"modified":"2025-12-24T14:11:46","modified_gmt":"2025-12-24T13:11:46","slug":"reverse-engineering-und-messtechnik","status":"publish","type":"page","link":"https:\/\/www.ledilaser.de\/?page_id=99","title":{"rendered":"Reverse Engineering und Messtechnik"},"content":{"rendered":"\n<p>Unser hochpr\u00e4ziser Messarm erm\u00f6glicht das schnelle und exakte Reverse Engineering von 2D-Bauteilen. Erfassen Sie Konturen, Bohrungen und Geometrien direkt am Bauteil und \u00fcbertragen Sie diese in CAD-Daten f\u00fcr die Weiterverarbeitung auf Ihren Lasermaschinen.<\/p>\n\n\n\n<p>Ideal f\u00fcr die Reproduktion von Ersatzteilen, Vorlagen ohne technische Zeichnungen oder die Digitalisierung bestehender Komponenten. Mit intuitiver Bedienung und h\u00f6chster Messpr\u00e4zision beschleunigen Sie Ihre Arbeitsprozesse und eliminieren Fehlerquellen bei der manuellen Vermessung<\/p>\n\n\n\n<figure class=\"wp-block-image size-large\"><img loading=\"lazy\" decoding=\"async\" width=\"1024\" height=\"768\" src=\"https:\/\/www.ledilaser.de\/wp-content\/uploads\/2025\/12\/20251220_141958-1-1024x768.jpg\" alt=\"\" class=\"wp-image-222\" srcset=\"https:\/\/www.ledilaser.de\/wp-content\/uploads\/2025\/12\/20251220_141958-1-1024x768.jpg 1024w, https:\/\/www.ledilaser.de\/wp-content\/uploads\/2025\/12\/20251220_141958-1-300x225.jpg 300w, https:\/\/www.ledilaser.de\/wp-content\/uploads\/2025\/12\/20251220_141958-1-768x576.jpg 768w, https:\/\/www.ledilaser.de\/wp-content\/uploads\/2025\/12\/20251220_141958-1-1536x1152.jpg 1536w, https:\/\/www.ledilaser.de\/wp-content\/uploads\/2025\/12\/20251220_141958-1.jpg 1600w\" sizes=\"auto, (max-width: 767px) 89vw, (max-width: 1000px) 54vw, (max-width: 1071px) 543px, 580px\" \/><\/figure>\n","protected":false},"excerpt":{"rendered":"<p>Unser hochpr\u00e4ziser Messarm erm\u00f6glicht das schnelle und exakte Reverse Engineering von 2D-Bauteilen. Erfassen Sie Konturen, Bohrungen und Geometrien direkt am Bauteil und \u00fcbertragen Sie diese in CAD-Daten f\u00fcr die Weiterverarbeitung auf Ihren Lasermaschinen. Ideal f\u00fcr die Reproduktion von Ersatzteilen, Vorlagen ohne technische Zeichnungen oder die Digitalisierung bestehender Komponenten. Mit intuitiver Bedienung und h\u00f6chster Messpr\u00e4zision beschleunigen &hellip; <\/p>\n<p class=\"link-more\"><a href=\"https:\/\/www.ledilaser.de\/?page_id=99\" class=\"more-link\"><span class=\"screen-reader-text\">\u201eReverse Engineering und Messtechnik\u201c <\/span>weiterlesen<\/a><\/p>\n","protected":false},"author":3,"featured_media":0,"parent":0,"menu_order":0,"comment_status":"closed","ping_status":"closed","template":"","meta":{"footnotes":""},"class_list":["post-99","page","type-page","status-publish","hentry"],"_links":{"self":[{"href":"https:\/\/www.ledilaser.de\/index.php?rest_route=\/wp\/v2\/pages\/99","targetHints":{"allow":["GET"]}}],"collection":[{"href":"https:\/\/www.ledilaser.de\/index.php?rest_route=\/wp\/v2\/pages"}],"about":[{"href":"https:\/\/www.ledilaser.de\/index.php?rest_route=\/wp\/v2\/types\/page"}],"author":[{"embeddable":true,"href":"https:\/\/www.ledilaser.de\/index.php?rest_route=\/wp\/v2\/users\/3"}],"replies":[{"embeddable":true,"href":"https:\/\/www.ledilaser.de\/index.php?rest_route=%2Fwp%2Fv2%2Fcomments&post=99"}],"version-history":[{"count":3,"href":"https:\/\/www.ledilaser.de\/index.php?rest_route=\/wp\/v2\/pages\/99\/revisions"}],"predecessor-version":[{"id":286,"href":"https:\/\/www.ledilaser.de\/index.php?rest_route=\/wp\/v2\/pages\/99\/revisions\/286"}],"wp:attachment":[{"href":"https:\/\/www.ledilaser.de\/index.php?rest_route=%2Fwp%2Fv2%2Fmedia&parent=99"}],"curies":[{"name":"wp","href":"https:\/\/api.w.org\/{rel}","templated":true}]}}