{"id":95,"date":"2025-12-22T16:39:47","date_gmt":"2025-12-22T15:39:47","guid":{"rendered":"https:\/\/www.ledilaser.de\/?page_id=95"},"modified":"2026-01-06T14:25:36","modified_gmt":"2026-01-06T13:25:36","slug":"schraubenkompressoren","status":"publish","type":"page","link":"https:\/\/www.ledilaser.de\/?page_id=95","title":{"rendered":"Schraubenkompressoren"},"content":{"rendered":"\n<p>F\u00fcr optimale Schneideergebnisse bieten wir Ihnen speziell abgestimmte Schraubenkompressor-Einheiten, die durch integrierte K\u00e4ltetrockner und Filtersysteme h\u00f6chste Druckluftqualit\u00e4t garantieren. Diese Komplettl\u00f6sungen erm\u00f6glichen pr\u00e4zises Laserschneiden mit Druckluft auf Industrieniveau.<\/p>\n\n\n\n<p>In den meisten Anwendungsf\u00e4llen kann durch den Einsatz unserer Schraubenkompressoren das kostenintensive Schneiden mit Stickstoff ersetzt werden <\/p>\n\n\n\n<p>Unsere Systeme liefern konstant aufbereitete, trockene und \u00f6lfreie Druckluft, die speziell auf die Anforderungen moderner Laserschneidanlagen ausgelegt ist.<\/p>\n\n\n\n<figure data-wp-context=\"{&quot;imageId&quot;:&quot;69e37812f1750&quot;}\" data-wp-interactive=\"core\/image\" data-wp-key=\"69e37812f1750\" class=\"wp-block-image size-large wp-lightbox-container\"><img loading=\"lazy\" decoding=\"async\" width=\"1024\" height=\"768\" data-wp-class--hide=\"state.isContentHidden\" data-wp-class--show=\"state.isContentVisible\" data-wp-init=\"callbacks.setButtonStyles\" data-wp-on--click=\"actions.showLightbox\" data-wp-on--load=\"callbacks.setButtonStyles\" data-wp-on-window--resize=\"callbacks.setButtonStyles\" src=\"https:\/\/www.ledilaser.de\/wp-content\/uploads\/2025\/12\/20251220_125018-1024x768.jpg\" alt=\"\" class=\"wp-image-217\" srcset=\"https:\/\/www.ledilaser.de\/wp-content\/uploads\/2025\/12\/20251220_125018-1024x768.jpg 1024w, https:\/\/www.ledilaser.de\/wp-content\/uploads\/2025\/12\/20251220_125018-300x225.jpg 300w, https:\/\/www.ledilaser.de\/wp-content\/uploads\/2025\/12\/20251220_125018-768x576.jpg 768w, https:\/\/www.ledilaser.de\/wp-content\/uploads\/2025\/12\/20251220_125018-1536x1152.jpg 1536w, https:\/\/www.ledilaser.de\/wp-content\/uploads\/2025\/12\/20251220_125018.jpg 1600w\" sizes=\"auto, (max-width: 767px) 89vw, (max-width: 1000px) 54vw, (max-width: 1071px) 543px, 580px\" \/><button\n\t\t\tclass=\"lightbox-trigger\"\n\t\t\ttype=\"button\"\n\t\t\taria-haspopup=\"dialog\"\n\t\t\taria-label=\"Vergr\u00f6\u00dfern\"\n\t\t\tdata-wp-init=\"callbacks.initTriggerButton\"\n\t\t\tdata-wp-on--click=\"actions.showLightbox\"\n\t\t\tdata-wp-style--right=\"state.imageButtonRight\"\n\t\t\tdata-wp-style--top=\"state.imageButtonTop\"\n\t\t>\n\t\t\t<svg xmlns=\"http:\/\/www.w3.org\/2000\/svg\" width=\"12\" height=\"12\" fill=\"none\" viewBox=\"0 0 12 12\">\n\t\t\t\t<path fill=\"#fff\" d=\"M2 0a2 2 0 0 0-2 2v2h1.5V2a.5.5 0 0 1 .5-.5h2V0H2Zm2 10.5H2a.5.5 0 0 1-.5-.5V8H0v2a2 2 0 0 0 2 2h2v-1.5ZM8 12v-1.5h2a.5.5 0 0 0 .5-.5V8H12v2a2 2 0 0 1-2 2H8Zm2-12a2 2 0 0 1 2 2v2h-1.5V2a.5.5 0 0 0-.5-.5H8V0h2Z\" \/>\n\t\t\t<\/svg>\n\t\t<\/button><\/figure>\n\n\n\n<figure class=\"wp-block-gallery has-nested-images columns-default is-cropped wp-block-gallery-1 is-layout-flex wp-block-gallery-is-layout-flex\">\n<figure data-wp-context=\"{&quot;imageId&quot;:&quot;69e37812f1c07&quot;}\" data-wp-interactive=\"core\/image\" data-wp-key=\"69e37812f1c07\" class=\"wp-block-image size-large wp-lightbox-container\"><img loading=\"lazy\" decoding=\"async\" width=\"1024\" height=\"768\" data-wp-class--hide=\"state.isContentHidden\" data-wp-class--show=\"state.isContentVisible\" data-wp-init=\"callbacks.setButtonStyles\" data-wp-on--click=\"actions.showLightbox\" data-wp-on--load=\"callbacks.setButtonStyles\" data-wp-on-window--resize=\"callbacks.setButtonStyles\" data-id=\"219\" src=\"https:\/\/www.ledilaser.de\/wp-content\/uploads\/2025\/12\/20251220_161727-1024x768.jpg\" alt=\"\" class=\"wp-image-219\" srcset=\"https:\/\/www.ledilaser.de\/wp-content\/uploads\/2025\/12\/20251220_161727-1024x768.jpg 1024w, https:\/\/www.ledilaser.de\/wp-content\/uploads\/2025\/12\/20251220_161727-300x225.jpg 300w, https:\/\/www.ledilaser.de\/wp-content\/uploads\/2025\/12\/20251220_161727-768x576.jpg 768w, https:\/\/www.ledilaser.de\/wp-content\/uploads\/2025\/12\/20251220_161727-1536x1152.jpg 1536w, https:\/\/www.ledilaser.de\/wp-content\/uploads\/2025\/12\/20251220_161727.jpg 1600w\" sizes=\"auto, (max-width: 767px) 89vw, (max-width: 1000px) 54vw, (max-width: 1071px) 543px, 580px\" \/><button\n\t\t\tclass=\"lightbox-trigger\"\n\t\t\ttype=\"button\"\n\t\t\taria-haspopup=\"dialog\"\n\t\t\taria-label=\"Vergr\u00f6\u00dfern\"\n\t\t\tdata-wp-init=\"callbacks.initTriggerButton\"\n\t\t\tdata-wp-on--click=\"actions.showLightbox\"\n\t\t\tdata-wp-style--right=\"state.imageButtonRight\"\n\t\t\tdata-wp-style--top=\"state.imageButtonTop\"\n\t\t>\n\t\t\t<svg xmlns=\"http:\/\/www.w3.org\/2000\/svg\" width=\"12\" height=\"12\" fill=\"none\" viewBox=\"0 0 12 12\">\n\t\t\t\t<path fill=\"#fff\" d=\"M2 0a2 2 0 0 0-2 2v2h1.5V2a.5.5 0 0 1 .5-.5h2V0H2Zm2 10.5H2a.5.5 0 0 1-.5-.5V8H0v2a2 2 0 0 0 2 2h2v-1.5ZM8 12v-1.5h2a.5.5 0 0 0 .5-.5V8H12v2a2 2 0 0 1-2 2H8Zm2-12a2 2 0 0 1 2 2v2h-1.5V2a.5.5 0 0 0-.5-.5H8V0h2Z\" \/>\n\t\t\t<\/svg>\n\t\t<\/button><\/figure>\n\n\n\n<figure data-wp-context=\"{&quot;imageId&quot;:&quot;69e37812f207b&quot;}\" data-wp-interactive=\"core\/image\" data-wp-key=\"69e37812f207b\" class=\"wp-block-image size-large wp-lightbox-container\"><img loading=\"lazy\" decoding=\"async\" width=\"1024\" height=\"768\" data-wp-class--hide=\"state.isContentHidden\" data-wp-class--show=\"state.isContentVisible\" data-wp-init=\"callbacks.setButtonStyles\" data-wp-on--click=\"actions.showLightbox\" data-wp-on--load=\"callbacks.setButtonStyles\" data-wp-on-window--resize=\"callbacks.setButtonStyles\" data-id=\"220\" src=\"https:\/\/www.ledilaser.de\/wp-content\/uploads\/2025\/12\/20251220_161730-1024x768.jpg\" alt=\"\" class=\"wp-image-220\" srcset=\"https:\/\/www.ledilaser.de\/wp-content\/uploads\/2025\/12\/20251220_161730-1024x768.jpg 1024w, https:\/\/www.ledilaser.de\/wp-content\/uploads\/2025\/12\/20251220_161730-300x225.jpg 300w, https:\/\/www.ledilaser.de\/wp-content\/uploads\/2025\/12\/20251220_161730-768x576.jpg 768w, https:\/\/www.ledilaser.de\/wp-content\/uploads\/2025\/12\/20251220_161730-1536x1152.jpg 1536w, https:\/\/www.ledilaser.de\/wp-content\/uploads\/2025\/12\/20251220_161730.jpg 1600w\" sizes=\"auto, (max-width: 767px) 89vw, (max-width: 1000px) 54vw, (max-width: 1071px) 543px, 580px\" \/><button\n\t\t\tclass=\"lightbox-trigger\"\n\t\t\ttype=\"button\"\n\t\t\taria-haspopup=\"dialog\"\n\t\t\taria-label=\"Vergr\u00f6\u00dfern\"\n\t\t\tdata-wp-init=\"callbacks.initTriggerButton\"\n\t\t\tdata-wp-on--click=\"actions.showLightbox\"\n\t\t\tdata-wp-style--right=\"state.imageButtonRight\"\n\t\t\tdata-wp-style--top=\"state.imageButtonTop\"\n\t\t>\n\t\t\t<svg xmlns=\"http:\/\/www.w3.org\/2000\/svg\" width=\"12\" height=\"12\" fill=\"none\" viewBox=\"0 0 12 12\">\n\t\t\t\t<path fill=\"#fff\" d=\"M2 0a2 2 0 0 0-2 2v2h1.5V2a.5.5 0 0 1 .5-.5h2V0H2Zm2 10.5H2a.5.5 0 0 1-.5-.5V8H0v2a2 2 0 0 0 2 2h2v-1.5ZM8 12v-1.5h2a.5.5 0 0 0 .5-.5V8H12v2a2 2 0 0 1-2 2H8Zm2-12a2 2 0 0 1 2 2v2h-1.5V2a.5.5 0 0 0-.5-.5H8V0h2Z\" \/>\n\t\t\t<\/svg>\n\t\t<\/button><\/figure>\n<\/figure>\n\n\n\n<figure data-wp-context=\"{&quot;imageId&quot;:&quot;69e37812f271d&quot;}\" data-wp-interactive=\"core\/image\" data-wp-key=\"69e37812f271d\" class=\"wp-block-image size-large wp-lightbox-container\"><img loading=\"lazy\" decoding=\"async\" width=\"1024\" height=\"768\" data-wp-class--hide=\"state.isContentHidden\" data-wp-class--show=\"state.isContentVisible\" data-wp-init=\"callbacks.setButtonStyles\" data-wp-on--click=\"actions.showLightbox\" data-wp-on--load=\"callbacks.setButtonStyles\" data-wp-on-window--resize=\"callbacks.setButtonStyles\" src=\"https:\/\/www.ledilaser.de\/wp-content\/uploads\/2025\/12\/20251220_161721-1024x768.jpg\" alt=\"\" class=\"wp-image-218\" srcset=\"https:\/\/www.ledilaser.de\/wp-content\/uploads\/2025\/12\/20251220_161721-1024x768.jpg 1024w, https:\/\/www.ledilaser.de\/wp-content\/uploads\/2025\/12\/20251220_161721-300x225.jpg 300w, https:\/\/www.ledilaser.de\/wp-content\/uploads\/2025\/12\/20251220_161721-768x576.jpg 768w, https:\/\/www.ledilaser.de\/wp-content\/uploads\/2025\/12\/20251220_161721-1536x1152.jpg 1536w, https:\/\/www.ledilaser.de\/wp-content\/uploads\/2025\/12\/20251220_161721.jpg 1600w\" sizes=\"auto, (max-width: 767px) 89vw, (max-width: 1000px) 54vw, (max-width: 1071px) 543px, 580px\" \/><button\n\t\t\tclass=\"lightbox-trigger\"\n\t\t\ttype=\"button\"\n\t\t\taria-haspopup=\"dialog\"\n\t\t\taria-label=\"Vergr\u00f6\u00dfern\"\n\t\t\tdata-wp-init=\"callbacks.initTriggerButton\"\n\t\t\tdata-wp-on--click=\"actions.showLightbox\"\n\t\t\tdata-wp-style--right=\"state.imageButtonRight\"\n\t\t\tdata-wp-style--top=\"state.imageButtonTop\"\n\t\t>\n\t\t\t<svg xmlns=\"http:\/\/www.w3.org\/2000\/svg\" width=\"12\" height=\"12\" fill=\"none\" viewBox=\"0 0 12 12\">\n\t\t\t\t<path fill=\"#fff\" d=\"M2 0a2 2 0 0 0-2 2v2h1.5V2a.5.5 0 0 1 .5-.5h2V0H2Zm2 10.5H2a.5.5 0 0 1-.5-.5V8H0v2a2 2 0 0 0 2 2h2v-1.5ZM8 12v-1.5h2a.5.5 0 0 0 .5-.5V8H12v2a2 2 0 0 1-2 2H8Zm2-12a2 2 0 0 1 2 2v2h-1.5V2a.5.5 0 0 0-.5-.5H8V0h2Z\" \/>\n\t\t\t<\/svg>\n\t\t<\/button><\/figure>\n\n\n\n<figure class=\"wp-block-gallery has-nested-images columns-default is-cropped wp-block-gallery-2 is-layout-flex wp-block-gallery-is-layout-flex\">\n<figure data-wp-context=\"{&quot;imageId&quot;:&quot;69e37812f2d18&quot;}\" data-wp-interactive=\"core\/image\" data-wp-key=\"69e37812f2d18\" class=\"wp-block-image size-large wp-lightbox-container\"><img loading=\"lazy\" decoding=\"async\" width=\"1024\" height=\"768\" data-wp-class--hide=\"state.isContentHidden\" data-wp-class--show=\"state.isContentVisible\" data-wp-init=\"callbacks.setButtonStyles\" data-wp-on--click=\"actions.showLightbox\" data-wp-on--load=\"callbacks.setButtonStyles\" data-wp-on-window--resize=\"callbacks.setButtonStyles\" data-id=\"358\" src=\"https:\/\/www.ledilaser.de\/wp-content\/uploads\/2026\/01\/20260103_172934-1024x768.jpg\" alt=\"\" class=\"wp-image-358\" srcset=\"https:\/\/www.ledilaser.de\/wp-content\/uploads\/2026\/01\/20260103_172934-1024x768.jpg 1024w, https:\/\/www.ledilaser.de\/wp-content\/uploads\/2026\/01\/20260103_172934-300x225.jpg 300w, https:\/\/www.ledilaser.de\/wp-content\/uploads\/2026\/01\/20260103_172934-768x576.jpg 768w, https:\/\/www.ledilaser.de\/wp-content\/uploads\/2026\/01\/20260103_172934-1536x1152.jpg 1536w, https:\/\/www.ledilaser.de\/wp-content\/uploads\/2026\/01\/20260103_172934.jpg 1600w\" sizes=\"auto, (max-width: 767px) 89vw, (max-width: 1000px) 54vw, (max-width: 1071px) 543px, 580px\" \/><button\n\t\t\tclass=\"lightbox-trigger\"\n\t\t\ttype=\"button\"\n\t\t\taria-haspopup=\"dialog\"\n\t\t\taria-label=\"Vergr\u00f6\u00dfern\"\n\t\t\tdata-wp-init=\"callbacks.initTriggerButton\"\n\t\t\tdata-wp-on--click=\"actions.showLightbox\"\n\t\t\tdata-wp-style--right=\"state.imageButtonRight\"\n\t\t\tdata-wp-style--top=\"state.imageButtonTop\"\n\t\t>\n\t\t\t<svg xmlns=\"http:\/\/www.w3.org\/2000\/svg\" width=\"12\" height=\"12\" fill=\"none\" viewBox=\"0 0 12 12\">\n\t\t\t\t<path fill=\"#fff\" d=\"M2 0a2 2 0 0 0-2 2v2h1.5V2a.5.5 0 0 1 .5-.5h2V0H2Zm2 10.5H2a.5.5 0 0 1-.5-.5V8H0v2a2 2 0 0 0 2 2h2v-1.5ZM8 12v-1.5h2a.5.5 0 0 0 .5-.5V8H12v2a2 2 0 0 1-2 2H8Zm2-12a2 2 0 0 1 2 2v2h-1.5V2a.5.5 0 0 0-.5-.5H8V0h2Z\" \/>\n\t\t\t<\/svg>\n\t\t<\/button><\/figure>\n\n\n\n<figure data-wp-context=\"{&quot;imageId&quot;:&quot;69e37812f31d6&quot;}\" data-wp-interactive=\"core\/image\" data-wp-key=\"69e37812f31d6\" class=\"wp-block-image size-large wp-lightbox-container\"><img loading=\"lazy\" decoding=\"async\" width=\"1024\" height=\"768\" data-wp-class--hide=\"state.isContentHidden\" data-wp-class--show=\"state.isContentVisible\" data-wp-init=\"callbacks.setButtonStyles\" data-wp-on--click=\"actions.showLightbox\" data-wp-on--load=\"callbacks.setButtonStyles\" data-wp-on-window--resize=\"callbacks.setButtonStyles\" data-id=\"354\" src=\"https:\/\/www.ledilaser.de\/wp-content\/uploads\/2026\/01\/20260103_172805-1024x768.jpg\" alt=\"\" class=\"wp-image-354\" srcset=\"https:\/\/www.ledilaser.de\/wp-content\/uploads\/2026\/01\/20260103_172805-1024x768.jpg 1024w, https:\/\/www.ledilaser.de\/wp-content\/uploads\/2026\/01\/20260103_172805-300x225.jpg 300w, https:\/\/www.ledilaser.de\/wp-content\/uploads\/2026\/01\/20260103_172805-768x576.jpg 768w, https:\/\/www.ledilaser.de\/wp-content\/uploads\/2026\/01\/20260103_172805-1536x1152.jpg 1536w, https:\/\/www.ledilaser.de\/wp-content\/uploads\/2026\/01\/20260103_172805.jpg 1600w\" sizes=\"auto, (max-width: 767px) 89vw, (max-width: 1000px) 54vw, (max-width: 1071px) 543px, 580px\" \/><button\n\t\t\tclass=\"lightbox-trigger\"\n\t\t\ttype=\"button\"\n\t\t\taria-haspopup=\"dialog\"\n\t\t\taria-label=\"Vergr\u00f6\u00dfern\"\n\t\t\tdata-wp-init=\"callbacks.initTriggerButton\"\n\t\t\tdata-wp-on--click=\"actions.showLightbox\"\n\t\t\tdata-wp-style--right=\"state.imageButtonRight\"\n\t\t\tdata-wp-style--top=\"state.imageButtonTop\"\n\t\t>\n\t\t\t<svg xmlns=\"http:\/\/www.w3.org\/2000\/svg\" width=\"12\" height=\"12\" fill=\"none\" viewBox=\"0 0 12 12\">\n\t\t\t\t<path fill=\"#fff\" d=\"M2 0a2 2 0 0 0-2 2v2h1.5V2a.5.5 0 0 1 .5-.5h2V0H2Zm2 10.5H2a.5.5 0 0 1-.5-.5V8H0v2a2 2 0 0 0 2 2h2v-1.5ZM8 12v-1.5h2a.5.5 0 0 0 .5-.5V8H12v2a2 2 0 0 1-2 2H8Zm2-12a2 2 0 0 1 2 2v2h-1.5V2a.5.5 0 0 0-.5-.5H8V0h2Z\" \/>\n\t\t\t<\/svg>\n\t\t<\/button><\/figure>\n<\/figure>\n\n\n\n<figure data-wp-context=\"{&quot;imageId&quot;:&quot;69e37812f3714&quot;}\" data-wp-interactive=\"core\/image\" data-wp-key=\"69e37812f3714\" class=\"wp-block-image size-large wp-lightbox-container\"><img loading=\"lazy\" decoding=\"async\" width=\"768\" height=\"1024\" data-wp-class--hide=\"state.isContentHidden\" data-wp-class--show=\"state.isContentVisible\" data-wp-init=\"callbacks.setButtonStyles\" data-wp-on--click=\"actions.showLightbox\" data-wp-on--load=\"callbacks.setButtonStyles\" data-wp-on-window--resize=\"callbacks.setButtonStyles\" src=\"https:\/\/www.ledilaser.de\/wp-content\/uploads\/2026\/01\/20260103_173037-768x1024.jpg\" alt=\"\" class=\"wp-image-361\" srcset=\"https:\/\/www.ledilaser.de\/wp-content\/uploads\/2026\/01\/20260103_173037-768x1024.jpg 768w, https:\/\/www.ledilaser.de\/wp-content\/uploads\/2026\/01\/20260103_173037-225x300.jpg 225w, https:\/\/www.ledilaser.de\/wp-content\/uploads\/2026\/01\/20260103_173037-1152x1536.jpg 1152w, https:\/\/www.ledilaser.de\/wp-content\/uploads\/2026\/01\/20260103_173037-rotated.jpg 1200w\" sizes=\"auto, (max-width: 767px) 89vw, (max-width: 1000px) 54vw, (max-width: 1071px) 543px, 580px\" \/><button\n\t\t\tclass=\"lightbox-trigger\"\n\t\t\ttype=\"button\"\n\t\t\taria-haspopup=\"dialog\"\n\t\t\taria-label=\"Vergr\u00f6\u00dfern\"\n\t\t\tdata-wp-init=\"callbacks.initTriggerButton\"\n\t\t\tdata-wp-on--click=\"actions.showLightbox\"\n\t\t\tdata-wp-style--right=\"state.imageButtonRight\"\n\t\t\tdata-wp-style--top=\"state.imageButtonTop\"\n\t\t>\n\t\t\t<svg xmlns=\"http:\/\/www.w3.org\/2000\/svg\" width=\"12\" height=\"12\" fill=\"none\" viewBox=\"0 0 12 12\">\n\t\t\t\t<path fill=\"#fff\" d=\"M2 0a2 2 0 0 0-2 2v2h1.5V2a.5.5 0 0 1 .5-.5h2V0H2Zm2 10.5H2a.5.5 0 0 1-.5-.5V8H0v2a2 2 0 0 0 2 2h2v-1.5ZM8 12v-1.5h2a.5.5 0 0 0 .5-.5V8H12v2a2 2 0 0 1-2 2H8Zm2-12a2 2 0 0 1 2 2v2h-1.5V2a.5.5 0 0 0-.5-.5H8V0h2Z\" \/>\n\t\t\t<\/svg>\n\t\t<\/button><\/figure>\n\n\n\n<figure class=\"wp-block-gallery has-nested-images columns-default is-cropped wp-block-gallery-3 is-layout-flex wp-block-gallery-is-layout-flex\">\n<figure data-wp-context=\"{&quot;imageId&quot;:&quot;69e37812f3bec&quot;}\" data-wp-interactive=\"core\/image\" data-wp-key=\"69e37812f3bec\" class=\"wp-block-image size-large wp-lightbox-container\"><img loading=\"lazy\" decoding=\"async\" width=\"768\" height=\"1024\" data-wp-class--hide=\"state.isContentHidden\" data-wp-class--show=\"state.isContentVisible\" data-wp-init=\"callbacks.setButtonStyles\" data-wp-on--click=\"actions.showLightbox\" data-wp-on--load=\"callbacks.setButtonStyles\" data-wp-on-window--resize=\"callbacks.setButtonStyles\" data-id=\"363\" src=\"https:\/\/www.ledilaser.de\/wp-content\/uploads\/2026\/01\/20260103_173048-768x1024.jpg\" alt=\"\" class=\"wp-image-363\" srcset=\"https:\/\/www.ledilaser.de\/wp-content\/uploads\/2026\/01\/20260103_173048-768x1024.jpg 768w, https:\/\/www.ledilaser.de\/wp-content\/uploads\/2026\/01\/20260103_173048-225x300.jpg 225w, https:\/\/www.ledilaser.de\/wp-content\/uploads\/2026\/01\/20260103_173048-1152x1536.jpg 1152w, https:\/\/www.ledilaser.de\/wp-content\/uploads\/2026\/01\/20260103_173048-rotated.jpg 1200w\" sizes=\"auto, (max-width: 767px) 89vw, (max-width: 1000px) 54vw, (max-width: 1071px) 543px, 580px\" \/><button\n\t\t\tclass=\"lightbox-trigger\"\n\t\t\ttype=\"button\"\n\t\t\taria-haspopup=\"dialog\"\n\t\t\taria-label=\"Vergr\u00f6\u00dfern\"\n\t\t\tdata-wp-init=\"callbacks.initTriggerButton\"\n\t\t\tdata-wp-on--click=\"actions.showLightbox\"\n\t\t\tdata-wp-style--right=\"state.imageButtonRight\"\n\t\t\tdata-wp-style--top=\"state.imageButtonTop\"\n\t\t>\n\t\t\t<svg xmlns=\"http:\/\/www.w3.org\/2000\/svg\" width=\"12\" height=\"12\" fill=\"none\" viewBox=\"0 0 12 12\">\n\t\t\t\t<path fill=\"#fff\" d=\"M2 0a2 2 0 0 0-2 2v2h1.5V2a.5.5 0 0 1 .5-.5h2V0H2Zm2 10.5H2a.5.5 0 0 1-.5-.5V8H0v2a2 2 0 0 0 2 2h2v-1.5ZM8 12v-1.5h2a.5.5 0 0 0 .5-.5V8H12v2a2 2 0 0 1-2 2H8Zm2-12a2 2 0 0 1 2 2v2h-1.5V2a.5.5 0 0 0-.5-.5H8V0h2Z\" \/>\n\t\t\t<\/svg>\n\t\t<\/button><\/figure>\n\n\n\n<figure data-wp-context=\"{&quot;imageId&quot;:&quot;69e37812f4118&quot;}\" data-wp-interactive=\"core\/image\" data-wp-key=\"69e37812f4118\" class=\"wp-block-image size-large wp-lightbox-container\"><img loading=\"lazy\" decoding=\"async\" width=\"1024\" height=\"768\" data-wp-class--hide=\"state.isContentHidden\" data-wp-class--show=\"state.isContentVisible\" data-wp-init=\"callbacks.setButtonStyles\" data-wp-on--click=\"actions.showLightbox\" data-wp-on--load=\"callbacks.setButtonStyles\" data-wp-on-window--resize=\"callbacks.setButtonStyles\" data-id=\"356\" src=\"https:\/\/www.ledilaser.de\/wp-content\/uploads\/2026\/01\/20260103_172925-1024x768.jpg\" alt=\"\" class=\"wp-image-356\" srcset=\"https:\/\/www.ledilaser.de\/wp-content\/uploads\/2026\/01\/20260103_172925-1024x768.jpg 1024w, https:\/\/www.ledilaser.de\/wp-content\/uploads\/2026\/01\/20260103_172925-300x225.jpg 300w, https:\/\/www.ledilaser.de\/wp-content\/uploads\/2026\/01\/20260103_172925-768x576.jpg 768w, https:\/\/www.ledilaser.de\/wp-content\/uploads\/2026\/01\/20260103_172925-1536x1152.jpg 1536w, https:\/\/www.ledilaser.de\/wp-content\/uploads\/2026\/01\/20260103_172925.jpg 1600w\" sizes=\"auto, (max-width: 767px) 89vw, (max-width: 1000px) 54vw, (max-width: 1071px) 543px, 580px\" \/><button\n\t\t\tclass=\"lightbox-trigger\"\n\t\t\ttype=\"button\"\n\t\t\taria-haspopup=\"dialog\"\n\t\t\taria-label=\"Vergr\u00f6\u00dfern\"\n\t\t\tdata-wp-init=\"callbacks.initTriggerButton\"\n\t\t\tdata-wp-on--click=\"actions.showLightbox\"\n\t\t\tdata-wp-style--right=\"state.imageButtonRight\"\n\t\t\tdata-wp-style--top=\"state.imageButtonTop\"\n\t\t>\n\t\t\t<svg xmlns=\"http:\/\/www.w3.org\/2000\/svg\" width=\"12\" height=\"12\" fill=\"none\" viewBox=\"0 0 12 12\">\n\t\t\t\t<path fill=\"#fff\" d=\"M2 0a2 2 0 0 0-2 2v2h1.5V2a.5.5 0 0 1 .5-.5h2V0H2Zm2 10.5H2a.5.5 0 0 1-.5-.5V8H0v2a2 2 0 0 0 2 2h2v-1.5ZM8 12v-1.5h2a.5.5 0 0 0 .5-.5V8H12v2a2 2 0 0 1-2 2H8Zm2-12a2 2 0 0 1 2 2v2h-1.5V2a.5.5 0 0 0-.5-.5H8V0h2Z\" \/>\n\t\t\t<\/svg>\n\t\t<\/button><\/figure>\n<\/figure>\n","protected":false},"excerpt":{"rendered":"<p>F\u00fcr optimale Schneideergebnisse bieten wir Ihnen speziell abgestimmte Schraubenkompressor-Einheiten, die durch integrierte K\u00e4ltetrockner und Filtersysteme h\u00f6chste Druckluftqualit\u00e4t garantieren. Diese Komplettl\u00f6sungen erm\u00f6glichen pr\u00e4zises Laserschneiden mit Druckluft auf Industrieniveau. In den meisten Anwendungsf\u00e4llen kann durch den Einsatz unserer Schraubenkompressoren das kostenintensive Schneiden mit Stickstoff ersetzt werden Unsere Systeme liefern konstant aufbereitete, trockene und \u00f6lfreie Druckluft, die speziell &hellip; <\/p>\n<p class=\"link-more\"><a href=\"https:\/\/www.ledilaser.de\/?page_id=95\" class=\"more-link\"><span class=\"screen-reader-text\">\u201eSchraubenkompressoren\u201c <\/span>weiterlesen<\/a><\/p>\n","protected":false},"author":3,"featured_media":0,"parent":0,"menu_order":0,"comment_status":"closed","ping_status":"closed","template":"","meta":{"footnotes":""},"class_list":["post-95","page","type-page","status-publish","hentry"],"_links":{"self":[{"href":"https:\/\/www.ledilaser.de\/index.php?rest_route=\/wp\/v2\/pages\/95","targetHints":{"allow":["GET"]}}],"collection":[{"href":"https:\/\/www.ledilaser.de\/index.php?rest_route=\/wp\/v2\/pages"}],"about":[{"href":"https:\/\/www.ledilaser.de\/index.php?rest_route=\/wp\/v2\/types\/page"}],"author":[{"embeddable":true,"href":"https:\/\/www.ledilaser.de\/index.php?rest_route=\/wp\/v2\/users\/3"}],"replies":[{"embeddable":true,"href":"https:\/\/www.ledilaser.de\/index.php?rest_route=%2Fwp%2Fv2%2Fcomments&post=95"}],"version-history":[{"count":6,"href":"https:\/\/www.ledilaser.de\/index.php?rest_route=\/wp\/v2\/pages\/95\/revisions"}],"predecessor-version":[{"id":415,"href":"https:\/\/www.ledilaser.de\/index.php?rest_route=\/wp\/v2\/pages\/95\/revisions\/415"}],"wp:attachment":[{"href":"https:\/\/www.ledilaser.de\/index.php?rest_route=%2Fwp%2Fv2%2Fmedia&parent=95"}],"curies":[{"name":"wp","href":"https:\/\/api.w.org\/{rel}","templated":true}]}}