{"id":93,"date":"2025-12-22T16:38:03","date_gmt":"2025-12-22T15:38:03","guid":{"rendered":"https:\/\/www.ledilaser.de\/?page_id=93"},"modified":"2025-12-24T14:06:20","modified_gmt":"2025-12-24T13:06:20","slug":"laserreinigungsmaschinen","status":"publish","type":"page","link":"https:\/\/www.ledilaser.de\/?page_id=93","title":{"rendered":"Laserreinigungsmaschinen"},"content":{"rendered":"\n<p>Unsere Laserreinigungsmaschinen bieten eine umweltfreundliche und hocheffiziente Alternative zu konventionellen Reinigungsverfahren. Diese zukunftsweisende Technologie entfernt Rost, Farbe, \u00d6le und Verunreinigungen r\u00fcckstandsfrei von Metalloberfl\u00e4chen \u2013 ganz ohne Chemikalien oder Strahlmittel<\/p>\n\n\n\n<p>Mit pr\u00e4ziser Steuerung, variablen Leistungsstufen und mobilem oder station\u00e4rem Einsatz ausgestattet, sind unsere Laserreinigungssysteme vielseitig einsetzbar. F\u00fcr die Serienfertigung lassen sich unsere Maschinen perfekt mit Cobots automatisieren.<\/p>\n\n\n\n<figure class=\"wp-block-image size-large\"><img loading=\"lazy\" decoding=\"async\" width=\"1024\" height=\"768\" src=\"https:\/\/www.ledilaser.de\/wp-content\/uploads\/2025\/12\/20251220_1345570-1-1024x768.jpg\" alt=\"\" class=\"wp-image-282\" srcset=\"https:\/\/www.ledilaser.de\/wp-content\/uploads\/2025\/12\/20251220_1345570-1-1024x768.jpg 1024w, https:\/\/www.ledilaser.de\/wp-content\/uploads\/2025\/12\/20251220_1345570-1-300x225.jpg 300w, https:\/\/www.ledilaser.de\/wp-content\/uploads\/2025\/12\/20251220_1345570-1-768x576.jpg 768w, https:\/\/www.ledilaser.de\/wp-content\/uploads\/2025\/12\/20251220_1345570-1-1536x1152.jpg 1536w, https:\/\/www.ledilaser.de\/wp-content\/uploads\/2025\/12\/20251220_1345570-1.jpg 1600w\" sizes=\"auto, (max-width: 767px) 89vw, (max-width: 1000px) 54vw, (max-width: 1071px) 543px, 580px\" \/><\/figure>\n","protected":false},"excerpt":{"rendered":"<p>Unsere Laserreinigungsmaschinen bieten eine umweltfreundliche und hocheffiziente Alternative zu konventionellen Reinigungsverfahren. Diese zukunftsweisende Technologie entfernt Rost, Farbe, \u00d6le und Verunreinigungen r\u00fcckstandsfrei von Metalloberfl\u00e4chen \u2013 ganz ohne Chemikalien oder Strahlmittel Mit pr\u00e4ziser Steuerung, variablen Leistungsstufen und mobilem oder station\u00e4rem Einsatz ausgestattet, sind unsere Laserreinigungssysteme vielseitig einsetzbar. F\u00fcr die Serienfertigung lassen sich unsere Maschinen perfekt mit Cobots &hellip; <\/p>\n<p class=\"link-more\"><a href=\"https:\/\/www.ledilaser.de\/?page_id=93\" class=\"more-link\"><span class=\"screen-reader-text\">\u201eLaserreinigungsmaschinen\u201c <\/span>weiterlesen<\/a><\/p>\n","protected":false},"author":3,"featured_media":0,"parent":0,"menu_order":0,"comment_status":"closed","ping_status":"closed","template":"","meta":{"footnotes":""},"class_list":["post-93","page","type-page","status-publish","hentry"],"_links":{"self":[{"href":"https:\/\/www.ledilaser.de\/index.php?rest_route=\/wp\/v2\/pages\/93","targetHints":{"allow":["GET"]}}],"collection":[{"href":"https:\/\/www.ledilaser.de\/index.php?rest_route=\/wp\/v2\/pages"}],"about":[{"href":"https:\/\/www.ledilaser.de\/index.php?rest_route=\/wp\/v2\/types\/page"}],"author":[{"embeddable":true,"href":"https:\/\/www.ledilaser.de\/index.php?rest_route=\/wp\/v2\/users\/3"}],"replies":[{"embeddable":true,"href":"https:\/\/www.ledilaser.de\/index.php?rest_route=%2Fwp%2Fv2%2Fcomments&post=93"}],"version-history":[{"count":3,"href":"https:\/\/www.ledilaser.de\/index.php?rest_route=\/wp\/v2\/pages\/93\/revisions"}],"predecessor-version":[{"id":283,"href":"https:\/\/www.ledilaser.de\/index.php?rest_route=\/wp\/v2\/pages\/93\/revisions\/283"}],"wp:attachment":[{"href":"https:\/\/www.ledilaser.de\/index.php?rest_route=%2Fwp%2Fv2%2Fmedia&parent=93"}],"curies":[{"name":"wp","href":"https:\/\/api.w.org\/{rel}","templated":true}]}}