{"id":86,"date":"2025-12-22T16:36:29","date_gmt":"2025-12-22T15:36:29","guid":{"rendered":"https:\/\/www.ledilaser.de\/?page_id=86"},"modified":"2026-01-06T14:30:50","modified_gmt":"2026-01-06T13:30:50","slug":"co2-laserschneidmaschinen","status":"publish","type":"page","link":"https:\/\/www.ledilaser.de\/?page_id=86","title":{"rendered":"CO2 Laserschneidmaschinen"},"content":{"rendered":"\n<p>Unsere CO2-Laserschneidmaschinen vereinen h\u00f6chste Schnittqualit\u00e4t mit maximaler Vielseitigkeit. Diese bew\u00e4hrte Technologie erm\u00f6glicht das pr\u00e4zise Schneiden und Gravieren von Acryl, Holz, Textilien, Kunststoffen und vielen weiteren Materialien \u2013 ideal f\u00fcr industrielle Fertigung und anspruchsvolle Produktionsanforderungen.<\/p>\n\n\n\n<p>Mit leistungsstarken Laserquellen, robusten Maschinenbetten und intelligenten Steuerungssystemen ausgestattet, bieten unsere CO2-Lasersysteme zuverl\u00e4ssige Performance im Dauerbetrieb. Ob Prototypenfertigung oder Serienproduktion \u2013 unsere Maschinen liefern konstant exzellente Ergebnisse bei h\u00f6chster Wirtschaftlichkeit.<\/p>\n\n\n\n<p>\u00dcberzeugen Sie sich in unserer Ausstellung von der Leistungsf\u00e4higkeit professioneller CO2-Lasertechnologie.<\/p>\n\n\n\n<h2 class=\"wp-block-heading\"><strong><a href=\"https:\/\/www.ledilaser.de\/?page_id=317\">Videos CO2 Laserschneidmaschinen<\/a><\/strong><\/h2>\n\n\n\n<figure data-wp-context=\"{&quot;imageId&quot;:&quot;69e3779fcaeac&quot;}\" data-wp-interactive=\"core\/image\" data-wp-key=\"69e3779fcaeac\" class=\"wp-block-image size-large wp-lightbox-container\"><img loading=\"lazy\" decoding=\"async\" width=\"1024\" height=\"768\" data-wp-class--hide=\"state.isContentHidden\" data-wp-class--show=\"state.isContentVisible\" data-wp-init=\"callbacks.setButtonStyles\" data-wp-on--click=\"actions.showLightbox\" data-wp-on--load=\"callbacks.setButtonStyles\" data-wp-on-window--resize=\"callbacks.setButtonStyles\" src=\"https:\/\/www.ledilaser.de\/wp-content\/uploads\/2025\/12\/20251220_142545-1-1024x768.jpg\" alt=\"\" class=\"wp-image-231\" srcset=\"https:\/\/www.ledilaser.de\/wp-content\/uploads\/2025\/12\/20251220_142545-1-1024x768.jpg 1024w, https:\/\/www.ledilaser.de\/wp-content\/uploads\/2025\/12\/20251220_142545-1-300x225.jpg 300w, https:\/\/www.ledilaser.de\/wp-content\/uploads\/2025\/12\/20251220_142545-1-768x576.jpg 768w, https:\/\/www.ledilaser.de\/wp-content\/uploads\/2025\/12\/20251220_142545-1-1536x1152.jpg 1536w, https:\/\/www.ledilaser.de\/wp-content\/uploads\/2025\/12\/20251220_142545-1.jpg 1600w\" sizes=\"auto, (max-width: 767px) 89vw, (max-width: 1000px) 54vw, (max-width: 1071px) 543px, 580px\" \/><button\n\t\t\tclass=\"lightbox-trigger\"\n\t\t\ttype=\"button\"\n\t\t\taria-haspopup=\"dialog\"\n\t\t\taria-label=\"Vergr\u00f6\u00dfern\"\n\t\t\tdata-wp-init=\"callbacks.initTriggerButton\"\n\t\t\tdata-wp-on--click=\"actions.showLightbox\"\n\t\t\tdata-wp-style--right=\"state.imageButtonRight\"\n\t\t\tdata-wp-style--top=\"state.imageButtonTop\"\n\t\t>\n\t\t\t<svg xmlns=\"http:\/\/www.w3.org\/2000\/svg\" width=\"12\" height=\"12\" fill=\"none\" viewBox=\"0 0 12 12\">\n\t\t\t\t<path fill=\"#fff\" d=\"M2 0a2 2 0 0 0-2 2v2h1.5V2a.5.5 0 0 1 .5-.5h2V0H2Zm2 10.5H2a.5.5 0 0 1-.5-.5V8H0v2a2 2 0 0 0 2 2h2v-1.5ZM8 12v-1.5h2a.5.5 0 0 0 .5-.5V8H12v2a2 2 0 0 1-2 2H8Zm2-12a2 2 0 0 1 2 2v2h-1.5V2a.5.5 0 0 0-.5-.5H8V0h2Z\" \/>\n\t\t\t<\/svg>\n\t\t<\/button><\/figure>\n\n\n\n<figure class=\"wp-block-gallery has-nested-images columns-default is-cropped wp-block-gallery-1 is-layout-flex wp-block-gallery-is-layout-flex\">\n<figure data-wp-context=\"{&quot;imageId&quot;:&quot;69e3779fcb3fe&quot;}\" data-wp-interactive=\"core\/image\" data-wp-key=\"69e3779fcb3fe\" class=\"wp-block-image size-large wp-lightbox-container\"><img loading=\"lazy\" decoding=\"async\" width=\"1024\" height=\"768\" data-wp-class--hide=\"state.isContentHidden\" data-wp-class--show=\"state.isContentVisible\" data-wp-init=\"callbacks.setButtonStyles\" data-wp-on--click=\"actions.showLightbox\" data-wp-on--load=\"callbacks.setButtonStyles\" data-wp-on-window--resize=\"callbacks.setButtonStyles\" data-id=\"226\" src=\"https:\/\/www.ledilaser.de\/wp-content\/uploads\/2025\/12\/20251220_140453-1024x768.jpg\" alt=\"\" class=\"wp-image-226\" srcset=\"https:\/\/www.ledilaser.de\/wp-content\/uploads\/2025\/12\/20251220_140453-1024x768.jpg 1024w, https:\/\/www.ledilaser.de\/wp-content\/uploads\/2025\/12\/20251220_140453-300x225.jpg 300w, https:\/\/www.ledilaser.de\/wp-content\/uploads\/2025\/12\/20251220_140453-768x576.jpg 768w, https:\/\/www.ledilaser.de\/wp-content\/uploads\/2025\/12\/20251220_140453-1536x1152.jpg 1536w, https:\/\/www.ledilaser.de\/wp-content\/uploads\/2025\/12\/20251220_140453.jpg 1600w\" sizes=\"auto, (max-width: 767px) 89vw, (max-width: 1000px) 54vw, (max-width: 1071px) 543px, 580px\" \/><button\n\t\t\tclass=\"lightbox-trigger\"\n\t\t\ttype=\"button\"\n\t\t\taria-haspopup=\"dialog\"\n\t\t\taria-label=\"Vergr\u00f6\u00dfern\"\n\t\t\tdata-wp-init=\"callbacks.initTriggerButton\"\n\t\t\tdata-wp-on--click=\"actions.showLightbox\"\n\t\t\tdata-wp-style--right=\"state.imageButtonRight\"\n\t\t\tdata-wp-style--top=\"state.imageButtonTop\"\n\t\t>\n\t\t\t<svg xmlns=\"http:\/\/www.w3.org\/2000\/svg\" width=\"12\" height=\"12\" fill=\"none\" viewBox=\"0 0 12 12\">\n\t\t\t\t<path fill=\"#fff\" d=\"M2 0a2 2 0 0 0-2 2v2h1.5V2a.5.5 0 0 1 .5-.5h2V0H2Zm2 10.5H2a.5.5 0 0 1-.5-.5V8H0v2a2 2 0 0 0 2 2h2v-1.5ZM8 12v-1.5h2a.5.5 0 0 0 .5-.5V8H12v2a2 2 0 0 1-2 2H8Zm2-12a2 2 0 0 1 2 2v2h-1.5V2a.5.5 0 0 0-.5-.5H8V0h2Z\" \/>\n\t\t\t<\/svg>\n\t\t<\/button><\/figure>\n\n\n\n<figure data-wp-context=\"{&quot;imageId&quot;:&quot;69e3779fcb8e7&quot;}\" data-wp-interactive=\"core\/image\" data-wp-key=\"69e3779fcb8e7\" class=\"wp-block-image size-large wp-lightbox-container\"><img loading=\"lazy\" decoding=\"async\" width=\"1024\" height=\"768\" data-wp-class--hide=\"state.isContentHidden\" data-wp-class--show=\"state.isContentVisible\" data-wp-init=\"callbacks.setButtonStyles\" data-wp-on--click=\"actions.showLightbox\" data-wp-on--load=\"callbacks.setButtonStyles\" data-wp-on-window--resize=\"callbacks.setButtonStyles\" data-id=\"227\" src=\"https:\/\/www.ledilaser.de\/wp-content\/uploads\/2025\/12\/20251220_140528-1024x768.jpg\" alt=\"\" class=\"wp-image-227\" srcset=\"https:\/\/www.ledilaser.de\/wp-content\/uploads\/2025\/12\/20251220_140528-1024x768.jpg 1024w, https:\/\/www.ledilaser.de\/wp-content\/uploads\/2025\/12\/20251220_140528-300x225.jpg 300w, https:\/\/www.ledilaser.de\/wp-content\/uploads\/2025\/12\/20251220_140528-768x576.jpg 768w, https:\/\/www.ledilaser.de\/wp-content\/uploads\/2025\/12\/20251220_140528-1536x1152.jpg 1536w, https:\/\/www.ledilaser.de\/wp-content\/uploads\/2025\/12\/20251220_140528.jpg 1600w\" sizes=\"auto, (max-width: 767px) 89vw, (max-width: 1000px) 54vw, (max-width: 1071px) 543px, 580px\" \/><button\n\t\t\tclass=\"lightbox-trigger\"\n\t\t\ttype=\"button\"\n\t\t\taria-haspopup=\"dialog\"\n\t\t\taria-label=\"Vergr\u00f6\u00dfern\"\n\t\t\tdata-wp-init=\"callbacks.initTriggerButton\"\n\t\t\tdata-wp-on--click=\"actions.showLightbox\"\n\t\t\tdata-wp-style--right=\"state.imageButtonRight\"\n\t\t\tdata-wp-style--top=\"state.imageButtonTop\"\n\t\t>\n\t\t\t<svg xmlns=\"http:\/\/www.w3.org\/2000\/svg\" width=\"12\" height=\"12\" fill=\"none\" viewBox=\"0 0 12 12\">\n\t\t\t\t<path fill=\"#fff\" d=\"M2 0a2 2 0 0 0-2 2v2h1.5V2a.5.5 0 0 1 .5-.5h2V0H2Zm2 10.5H2a.5.5 0 0 1-.5-.5V8H0v2a2 2 0 0 0 2 2h2v-1.5ZM8 12v-1.5h2a.5.5 0 0 0 .5-.5V8H12v2a2 2 0 0 1-2 2H8Zm2-12a2 2 0 0 1 2 2v2h-1.5V2a.5.5 0 0 0-.5-.5H8V0h2Z\" \/>\n\t\t\t<\/svg>\n\t\t<\/button><\/figure>\n<\/figure>\n\n\n\n<figure data-wp-context=\"{&quot;imageId&quot;:&quot;69e3779fcbc11&quot;}\" data-wp-interactive=\"core\/image\" data-wp-key=\"69e3779fcbc11\" class=\"wp-block-image size-large wp-lightbox-container\"><img loading=\"lazy\" decoding=\"async\" width=\"1024\" height=\"768\" data-wp-class--hide=\"state.isContentHidden\" data-wp-class--show=\"state.isContentVisible\" data-wp-init=\"callbacks.setButtonStyles\" data-wp-on--click=\"actions.showLightbox\" data-wp-on--load=\"callbacks.setButtonStyles\" data-wp-on-window--resize=\"callbacks.setButtonStyles\" src=\"https:\/\/www.ledilaser.de\/wp-content\/uploads\/2025\/12\/20251220_142545-1-1024x768.jpg\" alt=\"\" class=\"wp-image-231\" srcset=\"https:\/\/www.ledilaser.de\/wp-content\/uploads\/2025\/12\/20251220_142545-1-1024x768.jpg 1024w, https:\/\/www.ledilaser.de\/wp-content\/uploads\/2025\/12\/20251220_142545-1-300x225.jpg 300w, https:\/\/www.ledilaser.de\/wp-content\/uploads\/2025\/12\/20251220_142545-1-768x576.jpg 768w, https:\/\/www.ledilaser.de\/wp-content\/uploads\/2025\/12\/20251220_142545-1-1536x1152.jpg 1536w, https:\/\/www.ledilaser.de\/wp-content\/uploads\/2025\/12\/20251220_142545-1.jpg 1600w\" sizes=\"auto, (max-width: 767px) 89vw, (max-width: 1000px) 54vw, (max-width: 1071px) 543px, 580px\" \/><button\n\t\t\tclass=\"lightbox-trigger\"\n\t\t\ttype=\"button\"\n\t\t\taria-haspopup=\"dialog\"\n\t\t\taria-label=\"Vergr\u00f6\u00dfern\"\n\t\t\tdata-wp-init=\"callbacks.initTriggerButton\"\n\t\t\tdata-wp-on--click=\"actions.showLightbox\"\n\t\t\tdata-wp-style--right=\"state.imageButtonRight\"\n\t\t\tdata-wp-style--top=\"state.imageButtonTop\"\n\t\t>\n\t\t\t<svg xmlns=\"http:\/\/www.w3.org\/2000\/svg\" width=\"12\" height=\"12\" fill=\"none\" viewBox=\"0 0 12 12\">\n\t\t\t\t<path fill=\"#fff\" d=\"M2 0a2 2 0 0 0-2 2v2h1.5V2a.5.5 0 0 1 .5-.5h2V0H2Zm2 10.5H2a.5.5 0 0 1-.5-.5V8H0v2a2 2 0 0 0 2 2h2v-1.5ZM8 12v-1.5h2a.5.5 0 0 0 .5-.5V8H12v2a2 2 0 0 1-2 2H8Zm2-12a2 2 0 0 1 2 2v2h-1.5V2a.5.5 0 0 0-.5-.5H8V0h2Z\" \/>\n\t\t\t<\/svg>\n\t\t<\/button><\/figure>\n\n\n\n<figure class=\"wp-block-gallery has-nested-images columns-default is-cropped wp-block-gallery-2 is-layout-flex wp-block-gallery-is-layout-flex\">\n<figure data-wp-context=\"{&quot;imageId&quot;:&quot;69e3779fcc127&quot;}\" data-wp-interactive=\"core\/image\" data-wp-key=\"69e3779fcc127\" class=\"wp-block-image size-large wp-lightbox-container\"><img loading=\"lazy\" decoding=\"async\" width=\"1024\" height=\"768\" data-wp-class--hide=\"state.isContentHidden\" data-wp-class--show=\"state.isContentVisible\" data-wp-init=\"callbacks.setButtonStyles\" data-wp-on--click=\"actions.showLightbox\" data-wp-on--load=\"callbacks.setButtonStyles\" data-wp-on-window--resize=\"callbacks.setButtonStyles\" data-id=\"342\" src=\"https:\/\/www.ledilaser.de\/wp-content\/uploads\/2026\/01\/20260103_172505-1024x768.jpg\" alt=\"\" class=\"wp-image-342\" srcset=\"https:\/\/www.ledilaser.de\/wp-content\/uploads\/2026\/01\/20260103_172505-1024x768.jpg 1024w, https:\/\/www.ledilaser.de\/wp-content\/uploads\/2026\/01\/20260103_172505-300x225.jpg 300w, https:\/\/www.ledilaser.de\/wp-content\/uploads\/2026\/01\/20260103_172505-768x576.jpg 768w, https:\/\/www.ledilaser.de\/wp-content\/uploads\/2026\/01\/20260103_172505-1536x1152.jpg 1536w, https:\/\/www.ledilaser.de\/wp-content\/uploads\/2026\/01\/20260103_172505.jpg 1600w\" sizes=\"auto, (max-width: 767px) 89vw, (max-width: 1000px) 54vw, (max-width: 1071px) 543px, 580px\" \/><button\n\t\t\tclass=\"lightbox-trigger\"\n\t\t\ttype=\"button\"\n\t\t\taria-haspopup=\"dialog\"\n\t\t\taria-label=\"Vergr\u00f6\u00dfern\"\n\t\t\tdata-wp-init=\"callbacks.initTriggerButton\"\n\t\t\tdata-wp-on--click=\"actions.showLightbox\"\n\t\t\tdata-wp-style--right=\"state.imageButtonRight\"\n\t\t\tdata-wp-style--top=\"state.imageButtonTop\"\n\t\t>\n\t\t\t<svg xmlns=\"http:\/\/www.w3.org\/2000\/svg\" width=\"12\" height=\"12\" fill=\"none\" viewBox=\"0 0 12 12\">\n\t\t\t\t<path fill=\"#fff\" d=\"M2 0a2 2 0 0 0-2 2v2h1.5V2a.5.5 0 0 1 .5-.5h2V0H2Zm2 10.5H2a.5.5 0 0 1-.5-.5V8H0v2a2 2 0 0 0 2 2h2v-1.5ZM8 12v-1.5h2a.5.5 0 0 0 .5-.5V8H12v2a2 2 0 0 1-2 2H8Zm2-12a2 2 0 0 1 2 2v2h-1.5V2a.5.5 0 0 0-.5-.5H8V0h2Z\" \/>\n\t\t\t<\/svg>\n\t\t<\/button><\/figure>\n\n\n\n<figure data-wp-context=\"{&quot;imageId&quot;:&quot;69e3779fcc704&quot;}\" data-wp-interactive=\"core\/image\" data-wp-key=\"69e3779fcc704\" class=\"wp-block-image size-large wp-lightbox-container\"><img loading=\"lazy\" decoding=\"async\" width=\"1024\" height=\"768\" data-wp-class--hide=\"state.isContentHidden\" data-wp-class--show=\"state.isContentVisible\" data-wp-init=\"callbacks.setButtonStyles\" data-wp-on--click=\"actions.showLightbox\" data-wp-on--load=\"callbacks.setButtonStyles\" data-wp-on-window--resize=\"callbacks.setButtonStyles\" data-id=\"341\" src=\"https:\/\/www.ledilaser.de\/wp-content\/uploads\/2026\/01\/20260103_172456-1024x768.jpg\" alt=\"\" class=\"wp-image-341\" srcset=\"https:\/\/www.ledilaser.de\/wp-content\/uploads\/2026\/01\/20260103_172456-1024x768.jpg 1024w, https:\/\/www.ledilaser.de\/wp-content\/uploads\/2026\/01\/20260103_172456-300x225.jpg 300w, https:\/\/www.ledilaser.de\/wp-content\/uploads\/2026\/01\/20260103_172456-768x576.jpg 768w, https:\/\/www.ledilaser.de\/wp-content\/uploads\/2026\/01\/20260103_172456-1536x1152.jpg 1536w, https:\/\/www.ledilaser.de\/wp-content\/uploads\/2026\/01\/20260103_172456.jpg 1600w\" sizes=\"auto, (max-width: 767px) 89vw, (max-width: 1000px) 54vw, (max-width: 1071px) 543px, 580px\" \/><button\n\t\t\tclass=\"lightbox-trigger\"\n\t\t\ttype=\"button\"\n\t\t\taria-haspopup=\"dialog\"\n\t\t\taria-label=\"Vergr\u00f6\u00dfern\"\n\t\t\tdata-wp-init=\"callbacks.initTriggerButton\"\n\t\t\tdata-wp-on--click=\"actions.showLightbox\"\n\t\t\tdata-wp-style--right=\"state.imageButtonRight\"\n\t\t\tdata-wp-style--top=\"state.imageButtonTop\"\n\t\t>\n\t\t\t<svg xmlns=\"http:\/\/www.w3.org\/2000\/svg\" width=\"12\" height=\"12\" fill=\"none\" viewBox=\"0 0 12 12\">\n\t\t\t\t<path fill=\"#fff\" d=\"M2 0a2 2 0 0 0-2 2v2h1.5V2a.5.5 0 0 1 .5-.5h2V0H2Zm2 10.5H2a.5.5 0 0 1-.5-.5V8H0v2a2 2 0 0 0 2 2h2v-1.5ZM8 12v-1.5h2a.5.5 0 0 0 .5-.5V8H12v2a2 2 0 0 1-2 2H8Zm2-12a2 2 0 0 1 2 2v2h-1.5V2a.5.5 0 0 0-.5-.5H8V0h2Z\" \/>\n\t\t\t<\/svg>\n\t\t<\/button><\/figure>\n<\/figure>\n\n\n\n<figure data-wp-context=\"{&quot;imageId&quot;:&quot;69e3779fccd78&quot;}\" data-wp-interactive=\"core\/image\" data-wp-key=\"69e3779fccd78\" class=\"wp-block-image size-large wp-lightbox-container\"><img loading=\"lazy\" decoding=\"async\" width=\"768\" height=\"1024\" data-wp-class--hide=\"state.isContentHidden\" data-wp-class--show=\"state.isContentVisible\" data-wp-init=\"callbacks.setButtonStyles\" data-wp-on--click=\"actions.showLightbox\" data-wp-on--load=\"callbacks.setButtonStyles\" data-wp-on-window--resize=\"callbacks.setButtonStyles\" src=\"https:\/\/www.ledilaser.de\/wp-content\/uploads\/2025\/12\/20201109_174809-768x1024.jpg\" alt=\"\" class=\"wp-image-254\" srcset=\"https:\/\/www.ledilaser.de\/wp-content\/uploads\/2025\/12\/20201109_174809-768x1024.jpg 768w, https:\/\/www.ledilaser.de\/wp-content\/uploads\/2025\/12\/20201109_174809-225x300.jpg 225w, https:\/\/www.ledilaser.de\/wp-content\/uploads\/2025\/12\/20201109_174809-1152x1536.jpg 1152w, https:\/\/www.ledilaser.de\/wp-content\/uploads\/2025\/12\/20201109_174809.jpg 1512w\" sizes=\"auto, (max-width: 767px) 89vw, (max-width: 1000px) 54vw, (max-width: 1071px) 543px, 580px\" \/><button\n\t\t\tclass=\"lightbox-trigger\"\n\t\t\ttype=\"button\"\n\t\t\taria-haspopup=\"dialog\"\n\t\t\taria-label=\"Vergr\u00f6\u00dfern\"\n\t\t\tdata-wp-init=\"callbacks.initTriggerButton\"\n\t\t\tdata-wp-on--click=\"actions.showLightbox\"\n\t\t\tdata-wp-style--right=\"state.imageButtonRight\"\n\t\t\tdata-wp-style--top=\"state.imageButtonTop\"\n\t\t>\n\t\t\t<svg xmlns=\"http:\/\/www.w3.org\/2000\/svg\" width=\"12\" height=\"12\" fill=\"none\" viewBox=\"0 0 12 12\">\n\t\t\t\t<path fill=\"#fff\" d=\"M2 0a2 2 0 0 0-2 2v2h1.5V2a.5.5 0 0 1 .5-.5h2V0H2Zm2 10.5H2a.5.5 0 0 1-.5-.5V8H0v2a2 2 0 0 0 2 2h2v-1.5ZM8 12v-1.5h2a.5.5 0 0 0 .5-.5V8H12v2a2 2 0 0 1-2 2H8Zm2-12a2 2 0 0 1 2 2v2h-1.5V2a.5.5 0 0 0-.5-.5H8V0h2Z\" \/>\n\t\t\t<\/svg>\n\t\t<\/button><\/figure>\n\n\n\n<figure class=\"wp-block-gallery has-nested-images columns-default is-cropped wp-block-gallery-3 is-layout-flex wp-block-gallery-is-layout-flex\">\n<figure data-wp-context=\"{&quot;imageId&quot;:&quot;69e3779fcd416&quot;}\" data-wp-interactive=\"core\/image\" data-wp-key=\"69e3779fcd416\" class=\"wp-block-image size-large wp-lightbox-container\"><img loading=\"lazy\" decoding=\"async\" width=\"768\" height=\"1024\" data-wp-class--hide=\"state.isContentHidden\" data-wp-class--show=\"state.isContentVisible\" data-wp-init=\"callbacks.setButtonStyles\" data-wp-on--click=\"actions.showLightbox\" data-wp-on--load=\"callbacks.setButtonStyles\" data-wp-on-window--resize=\"callbacks.setButtonStyles\" data-id=\"250\" src=\"https:\/\/www.ledilaser.de\/wp-content\/uploads\/2025\/12\/20201109_174651-768x1024.jpg\" alt=\"\" class=\"wp-image-250\" srcset=\"https:\/\/www.ledilaser.de\/wp-content\/uploads\/2025\/12\/20201109_174651-768x1024.jpg 768w, https:\/\/www.ledilaser.de\/wp-content\/uploads\/2025\/12\/20201109_174651-225x300.jpg 225w, https:\/\/www.ledilaser.de\/wp-content\/uploads\/2025\/12\/20201109_174651-1152x1536.jpg 1152w, https:\/\/www.ledilaser.de\/wp-content\/uploads\/2025\/12\/20201109_174651.jpg 1512w\" sizes=\"auto, (max-width: 767px) 89vw, (max-width: 1000px) 54vw, (max-width: 1071px) 543px, 580px\" \/><button\n\t\t\tclass=\"lightbox-trigger\"\n\t\t\ttype=\"button\"\n\t\t\taria-haspopup=\"dialog\"\n\t\t\taria-label=\"Vergr\u00f6\u00dfern\"\n\t\t\tdata-wp-init=\"callbacks.initTriggerButton\"\n\t\t\tdata-wp-on--click=\"actions.showLightbox\"\n\t\t\tdata-wp-style--right=\"state.imageButtonRight\"\n\t\t\tdata-wp-style--top=\"state.imageButtonTop\"\n\t\t>\n\t\t\t<svg xmlns=\"http:\/\/www.w3.org\/2000\/svg\" width=\"12\" height=\"12\" fill=\"none\" viewBox=\"0 0 12 12\">\n\t\t\t\t<path fill=\"#fff\" d=\"M2 0a2 2 0 0 0-2 2v2h1.5V2a.5.5 0 0 1 .5-.5h2V0H2Zm2 10.5H2a.5.5 0 0 1-.5-.5V8H0v2a2 2 0 0 0 2 2h2v-1.5ZM8 12v-1.5h2a.5.5 0 0 0 .5-.5V8H12v2a2 2 0 0 1-2 2H8Zm2-12a2 2 0 0 1 2 2v2h-1.5V2a.5.5 0 0 0-.5-.5H8V0h2Z\" \/>\n\t\t\t<\/svg>\n\t\t<\/button><\/figure>\n\n\n\n<figure data-wp-context=\"{&quot;imageId&quot;:&quot;69e3779fcda9b&quot;}\" data-wp-interactive=\"core\/image\" data-wp-key=\"69e3779fcda9b\" class=\"wp-block-image size-large wp-lightbox-container\"><img loading=\"lazy\" decoding=\"async\" width=\"756\" height=\"1008\" data-wp-class--hide=\"state.isContentHidden\" data-wp-class--show=\"state.isContentVisible\" data-wp-init=\"callbacks.setButtonStyles\" data-wp-on--click=\"actions.showLightbox\" data-wp-on--load=\"callbacks.setButtonStyles\" data-wp-on-window--resize=\"callbacks.setButtonStyles\" data-id=\"249\" src=\"https:\/\/www.ledilaser.de\/wp-content\/uploads\/2025\/12\/20201109_174952.jpg\" alt=\"\" class=\"wp-image-249\" srcset=\"https:\/\/www.ledilaser.de\/wp-content\/uploads\/2025\/12\/20201109_174952.jpg 756w, https:\/\/www.ledilaser.de\/wp-content\/uploads\/2025\/12\/20201109_174952-225x300.jpg 225w\" sizes=\"auto, (max-width: 706px) 89vw, (max-width: 767px) 82vw, 740px\" \/><button\n\t\t\tclass=\"lightbox-trigger\"\n\t\t\ttype=\"button\"\n\t\t\taria-haspopup=\"dialog\"\n\t\t\taria-label=\"Vergr\u00f6\u00dfern\"\n\t\t\tdata-wp-init=\"callbacks.initTriggerButton\"\n\t\t\tdata-wp-on--click=\"actions.showLightbox\"\n\t\t\tdata-wp-style--right=\"state.imageButtonRight\"\n\t\t\tdata-wp-style--top=\"state.imageButtonTop\"\n\t\t>\n\t\t\t<svg xmlns=\"http:\/\/www.w3.org\/2000\/svg\" width=\"12\" height=\"12\" fill=\"none\" viewBox=\"0 0 12 12\">\n\t\t\t\t<path fill=\"#fff\" d=\"M2 0a2 2 0 0 0-2 2v2h1.5V2a.5.5 0 0 1 .5-.5h2V0H2Zm2 10.5H2a.5.5 0 0 1-.5-.5V8H0v2a2 2 0 0 0 2 2h2v-1.5ZM8 12v-1.5h2a.5.5 0 0 0 .5-.5V8H12v2a2 2 0 0 1-2 2H8Zm2-12a2 2 0 0 1 2 2v2h-1.5V2a.5.5 0 0 0-.5-.5H8V0h2Z\" \/>\n\t\t\t<\/svg>\n\t\t<\/button><\/figure>\n<\/figure>\n","protected":false},"excerpt":{"rendered":"<p>Unsere CO2-Laserschneidmaschinen vereinen h\u00f6chste Schnittqualit\u00e4t mit maximaler Vielseitigkeit. Diese bew\u00e4hrte Technologie erm\u00f6glicht das pr\u00e4zise Schneiden und Gravieren von Acryl, Holz, Textilien, Kunststoffen und vielen weiteren Materialien \u2013 ideal f\u00fcr industrielle Fertigung und anspruchsvolle Produktionsanforderungen. Mit leistungsstarken Laserquellen, robusten Maschinenbetten und intelligenten Steuerungssystemen ausgestattet, bieten unsere CO2-Lasersysteme zuverl\u00e4ssige Performance im Dauerbetrieb. Ob Prototypenfertigung oder Serienproduktion \u2013 &hellip; <\/p>\n<p class=\"link-more\"><a href=\"https:\/\/www.ledilaser.de\/?page_id=86\" class=\"more-link\"><span class=\"screen-reader-text\">\u201eCO2 Laserschneidmaschinen\u201c <\/span>weiterlesen<\/a><\/p>\n","protected":false},"author":3,"featured_media":0,"parent":0,"menu_order":0,"comment_status":"closed","ping_status":"closed","template":"","meta":{"footnotes":""},"class_list":["post-86","page","type-page","status-publish","hentry"],"_links":{"self":[{"href":"https:\/\/www.ledilaser.de\/index.php?rest_route=\/wp\/v2\/pages\/86","targetHints":{"allow":["GET"]}}],"collection":[{"href":"https:\/\/www.ledilaser.de\/index.php?rest_route=\/wp\/v2\/pages"}],"about":[{"href":"https:\/\/www.ledilaser.de\/index.php?rest_route=\/wp\/v2\/types\/page"}],"author":[{"embeddable":true,"href":"https:\/\/www.ledilaser.de\/index.php?rest_route=\/wp\/v2\/users\/3"}],"replies":[{"embeddable":true,"href":"https:\/\/www.ledilaser.de\/index.php?rest_route=%2Fwp%2Fv2%2Fcomments&post=86"}],"version-history":[{"count":6,"href":"https:\/\/www.ledilaser.de\/index.php?rest_route=\/wp\/v2\/pages\/86\/revisions"}],"predecessor-version":[{"id":420,"href":"https:\/\/www.ledilaser.de\/index.php?rest_route=\/wp\/v2\/pages\/86\/revisions\/420"}],"wp:attachment":[{"href":"https:\/\/www.ledilaser.de\/index.php?rest_route=%2Fwp%2Fv2%2Fmedia&parent=86"}],"curies":[{"name":"wp","href":"https:\/\/api.w.org\/{rel}","templated":true}]}}