{"id":83,"date":"2025-12-22T16:33:37","date_gmt":"2025-12-22T15:33:37","guid":{"rendered":"https:\/\/www.ledilaser.de\/?page_id=83"},"modified":"2026-02-22T13:48:25","modified_gmt":"2026-02-22T12:48:25","slug":"faserlaser-schneidmaschinen","status":"publish","type":"page","link":"https:\/\/www.ledilaser.de\/?page_id=83","title":{"rendered":"Faserlaser Schneidmaschinen"},"content":{"rendered":"\n<p>Unsere Fiberlaser-Schneidmaschinen vereinen h\u00f6chste Schnittqualit\u00e4t mit au\u00dfergew\u00f6hnlicher Wirtschaftlichkeit \u2013 perfekt abgestimmt auf die Anforderungen von Werkst\u00e4tten und Fertigungsbetrieben. Die kompakte Aufstellfl\u00e4che bei gleichzeitig gro\u00dfz\u00fcgigem Arbeitsbereich macht unsere Anlagen besonders platzsparend und flexibel einsetzbar.<\/p>\n\n\n\n<p>Mit hochwertigen Komponenten, extrem energiesparender Bauweise und deutschsprachiger Steuerung sind unsere Fiberlaser auf wirtschaftlichen Dauereinsatz ausgelegt. Zur Serienausstattung geh\u00f6rt eine umfangreiche Schneidparameterbibliothek f\u00fcr sofortigen Produktionsstart.<\/p>\n\n\n\n<p>Gerne konfigurieren wir die Maschine exakt nach Ihren Anforderungen und f\u00fchren individuelle Schneidversuche f\u00fcr Sie durch. <\/p>\n\n\n\n<p>Besuchen Sie unsere Ausstellung und \u00fcberzeugen Sie sich selbst. <\/p>\n\n\n\n<p>Finanzierung und Mietkauf sind selbstverst\u00e4ndlich m\u00f6glich<\/p>\n\n\n\n<h1 class=\"wp-block-heading\"><strong><a href=\"https:\/\/www.ledilaser.de\/?page_id=313\">Videos Fiberlaserschneidmaschinen<\/a><\/strong><\/h1>\n\n\n\n<figure class=\"wp-block-embed is-type-video is-provider-youtube wp-block-embed-youtube wp-embed-aspect-16-9 wp-has-aspect-ratio\"><div class=\"wp-block-embed__wrapper\">\n<iframe loading=\"lazy\" title=\"Ideallaser LG 1313 3kW Fiberlaser Vorstellung\" width=\"525\" height=\"295\" src=\"https:\/\/www.youtube.com\/embed\/V5f0_3LjS0g?feature=oembed\" frameborder=\"0\" allow=\"accelerometer; autoplay; clipboard-write; encrypted-media; gyroscope; picture-in-picture; web-share\" referrerpolicy=\"strict-origin-when-cross-origin\" allowfullscreen><\/iframe>\n<\/div><\/figure>\n\n\n\n<figure data-wp-context=\"{&quot;imageId&quot;:&quot;69e39715afc41&quot;}\" data-wp-interactive=\"core\/image\" data-wp-key=\"69e39715afc41\" class=\"wp-block-image size-large wp-lightbox-container\"><img loading=\"lazy\" decoding=\"async\" width=\"1024\" height=\"768\" data-wp-class--hide=\"state.isContentHidden\" data-wp-class--show=\"state.isContentVisible\" data-wp-init=\"callbacks.setButtonStyles\" data-wp-on--click=\"actions.showLightbox\" data-wp-on--load=\"callbacks.setButtonStyles\" data-wp-on-window--resize=\"callbacks.setButtonStyles\" src=\"https:\/\/www.ledilaser.de\/wp-content\/uploads\/2025\/12\/20251220_143512-1-1024x768.jpg\" alt=\"\" class=\"wp-image-233\" srcset=\"https:\/\/www.ledilaser.de\/wp-content\/uploads\/2025\/12\/20251220_143512-1-1024x768.jpg 1024w, https:\/\/www.ledilaser.de\/wp-content\/uploads\/2025\/12\/20251220_143512-1-300x225.jpg 300w, https:\/\/www.ledilaser.de\/wp-content\/uploads\/2025\/12\/20251220_143512-1-768x576.jpg 768w, https:\/\/www.ledilaser.de\/wp-content\/uploads\/2025\/12\/20251220_143512-1-1536x1152.jpg 1536w, https:\/\/www.ledilaser.de\/wp-content\/uploads\/2025\/12\/20251220_143512-1.jpg 1600w\" sizes=\"auto, (max-width: 767px) 89vw, (max-width: 1000px) 54vw, (max-width: 1071px) 543px, 580px\" \/><button\n\t\t\tclass=\"lightbox-trigger\"\n\t\t\ttype=\"button\"\n\t\t\taria-haspopup=\"dialog\"\n\t\t\taria-label=\"Vergr\u00f6\u00dfern\"\n\t\t\tdata-wp-init=\"callbacks.initTriggerButton\"\n\t\t\tdata-wp-on--click=\"actions.showLightbox\"\n\t\t\tdata-wp-style--right=\"state.imageButtonRight\"\n\t\t\tdata-wp-style--top=\"state.imageButtonTop\"\n\t\t>\n\t\t\t<svg xmlns=\"http:\/\/www.w3.org\/2000\/svg\" width=\"12\" height=\"12\" fill=\"none\" viewBox=\"0 0 12 12\">\n\t\t\t\t<path fill=\"#fff\" d=\"M2 0a2 2 0 0 0-2 2v2h1.5V2a.5.5 0 0 1 .5-.5h2V0H2Zm2 10.5H2a.5.5 0 0 1-.5-.5V8H0v2a2 2 0 0 0 2 2h2v-1.5ZM8 12v-1.5h2a.5.5 0 0 0 .5-.5V8H12v2a2 2 0 0 1-2 2H8Zm2-12a2 2 0 0 1 2 2v2h-1.5V2a.5.5 0 0 0-.5-.5H8V0h2Z\" \/>\n\t\t\t<\/svg>\n\t\t<\/button><\/figure>\n\n\n\n<figure data-wp-context=\"{&quot;imageId&quot;:&quot;69e39715b017d&quot;}\" data-wp-interactive=\"core\/image\" data-wp-key=\"69e39715b017d\" class=\"wp-block-image size-large wp-lightbox-container\"><img loading=\"lazy\" decoding=\"async\" width=\"1024\" height=\"768\" data-wp-class--hide=\"state.isContentHidden\" data-wp-class--show=\"state.isContentVisible\" data-wp-init=\"callbacks.setButtonStyles\" data-wp-on--click=\"actions.showLightbox\" data-wp-on--load=\"callbacks.setButtonStyles\" data-wp-on-window--resize=\"callbacks.setButtonStyles\" src=\"https:\/\/www.ledilaser.de\/wp-content\/uploads\/2025\/12\/20251220_142558-1024x768.jpg\" alt=\"\" class=\"wp-image-223\" srcset=\"https:\/\/www.ledilaser.de\/wp-content\/uploads\/2025\/12\/20251220_142558-1024x768.jpg 1024w, https:\/\/www.ledilaser.de\/wp-content\/uploads\/2025\/12\/20251220_142558-300x225.jpg 300w, https:\/\/www.ledilaser.de\/wp-content\/uploads\/2025\/12\/20251220_142558-768x576.jpg 768w, https:\/\/www.ledilaser.de\/wp-content\/uploads\/2025\/12\/20251220_142558-1536x1152.jpg 1536w, https:\/\/www.ledilaser.de\/wp-content\/uploads\/2025\/12\/20251220_142558.jpg 1600w\" sizes=\"auto, (max-width: 767px) 89vw, (max-width: 1000px) 54vw, (max-width: 1071px) 543px, 580px\" \/><button\n\t\t\tclass=\"lightbox-trigger\"\n\t\t\ttype=\"button\"\n\t\t\taria-haspopup=\"dialog\"\n\t\t\taria-label=\"Vergr\u00f6\u00dfern\"\n\t\t\tdata-wp-init=\"callbacks.initTriggerButton\"\n\t\t\tdata-wp-on--click=\"actions.showLightbox\"\n\t\t\tdata-wp-style--right=\"state.imageButtonRight\"\n\t\t\tdata-wp-style--top=\"state.imageButtonTop\"\n\t\t>\n\t\t\t<svg xmlns=\"http:\/\/www.w3.org\/2000\/svg\" width=\"12\" height=\"12\" fill=\"none\" viewBox=\"0 0 12 12\">\n\t\t\t\t<path fill=\"#fff\" d=\"M2 0a2 2 0 0 0-2 2v2h1.5V2a.5.5 0 0 1 .5-.5h2V0H2Zm2 10.5H2a.5.5 0 0 1-.5-.5V8H0v2a2 2 0 0 0 2 2h2v-1.5ZM8 12v-1.5h2a.5.5 0 0 0 .5-.5V8H12v2a2 2 0 0 1-2 2H8Zm2-12a2 2 0 0 1 2 2v2h-1.5V2a.5.5 0 0 0-.5-.5H8V0h2Z\" \/>\n\t\t\t<\/svg>\n\t\t<\/button><\/figure>\n","protected":false},"excerpt":{"rendered":"<p>Unsere Fiberlaser-Schneidmaschinen vereinen h\u00f6chste Schnittqualit\u00e4t mit au\u00dfergew\u00f6hnlicher Wirtschaftlichkeit \u2013 perfekt abgestimmt auf die Anforderungen von Werkst\u00e4tten und Fertigungsbetrieben. Die kompakte Aufstellfl\u00e4che bei gleichzeitig gro\u00dfz\u00fcgigem Arbeitsbereich macht unsere Anlagen besonders platzsparend und flexibel einsetzbar. Mit hochwertigen Komponenten, extrem energiesparender Bauweise und deutschsprachiger Steuerung sind unsere Fiberlaser auf wirtschaftlichen Dauereinsatz ausgelegt. Zur Serienausstattung geh\u00f6rt eine umfangreiche Schneidparameterbibliothek &hellip; <\/p>\n<p class=\"link-more\"><a href=\"https:\/\/www.ledilaser.de\/?page_id=83\" class=\"more-link\"><span class=\"screen-reader-text\">\u201eFaserlaser Schneidmaschinen\u201c <\/span>weiterlesen<\/a><\/p>\n","protected":false},"author":3,"featured_media":0,"parent":0,"menu_order":0,"comment_status":"closed","ping_status":"closed","template":"","meta":{"footnotes":""},"class_list":["post-83","page","type-page","status-publish","hentry"],"_links":{"self":[{"href":"https:\/\/www.ledilaser.de\/index.php?rest_route=\/wp\/v2\/pages\/83","targetHints":{"allow":["GET"]}}],"collection":[{"href":"https:\/\/www.ledilaser.de\/index.php?rest_route=\/wp\/v2\/pages"}],"about":[{"href":"https:\/\/www.ledilaser.de\/index.php?rest_route=\/wp\/v2\/types\/page"}],"author":[{"embeddable":true,"href":"https:\/\/www.ledilaser.de\/index.php?rest_route=\/wp\/v2\/users\/3"}],"replies":[{"embeddable":true,"href":"https:\/\/www.ledilaser.de\/index.php?rest_route=%2Fwp%2Fv2%2Fcomments&post=83"}],"version-history":[{"count":7,"href":"https:\/\/www.ledilaser.de\/index.php?rest_route=\/wp\/v2\/pages\/83\/revisions"}],"predecessor-version":[{"id":501,"href":"https:\/\/www.ledilaser.de\/index.php?rest_route=\/wp\/v2\/pages\/83\/revisions\/501"}],"wp:attachment":[{"href":"https:\/\/www.ledilaser.de\/index.php?rest_route=%2Fwp%2Fv2%2Fmedia&parent=83"}],"curies":[{"name":"wp","href":"https:\/\/api.w.org\/{rel}","templated":true}]}}