{"id":488,"date":"2026-02-06T14:58:18","date_gmt":"2026-02-06T13:58:18","guid":{"rendered":"https:\/\/www.ledilaser.de\/?page_id=488"},"modified":"2026-02-06T14:58:18","modified_gmt":"2026-02-06T13:58:18","slug":"finanzierung","status":"publish","type":"page","link":"https:\/\/www.ledilaser.de\/?page_id=488","title":{"rendered":"Finanzierung"},"content":{"rendered":"\n<p><strong>Flexible Finanzierung f\u00fcr Ihre Lasermaschine<\/strong><\/p>\n\n\n\n<p>Investieren Sie in moderne Lasertechnologie \u2013 mit einer Finanzierung, die sich optimal an Ihre Anforderungen anpasst. \u00dcber den untenstehenden Link k\u00f6nnen Sie schnell und unkompliziert Ihr individuelles Finanzierungsangebot berechnen.<\/p>\n\n\n\n<p>W\u00e4hlen Sie zwischen <strong>Leasing<\/strong> und <strong>Mietkauf<\/strong> und gestalten Sie Ihre Finanzierung flexibel nach Ihren Vorstellungen. Laufzeit, Anzahlung sowie eine optionale Schlussrate lassen sich individuell festlegen, sodass Sie die monatliche Belastung optimal an Ihre betriebliche Situation anpassen k\u00f6nnen.<\/p>\n\n\n\n<p>Zur besseren Orientierung finden Sie zus\u00e4tzlich <strong>Beispielangebote f\u00fcr die g\u00e4ngigsten Lasermaschinen<\/strong>, die Ihnen einen ersten \u00dcberblick \u00fcber m\u00f6gliche Finanzierungskonditionen geben.<\/p>\n\n\n\n<h2 class=\"wp-block-heading\"><a href=\"https:\/\/lupi-praezisionstechnik.leasingo.de\/anfrage\"><strong>Zur Finanzierungsanfrage<\/strong><\/a><\/h2>\n\n\n\n<h2 class=\"wp-block-heading\"><strong><a href=\"https:\/\/www.ledilaser.de\/?page_id=489\" data-type=\"page\" data-id=\"489\">Beispielangebote<\/a><\/strong><\/h2>\n\n\n\n<p><\/p>\n","protected":false},"excerpt":{"rendered":"<p>Flexible Finanzierung f\u00fcr Ihre Lasermaschine Investieren Sie in moderne Lasertechnologie \u2013 mit einer Finanzierung, die sich optimal an Ihre Anforderungen anpasst. \u00dcber den untenstehenden Link k\u00f6nnen Sie schnell und unkompliziert Ihr individuelles Finanzierungsangebot berechnen. W\u00e4hlen Sie zwischen Leasing und Mietkauf und gestalten Sie Ihre Finanzierung flexibel nach Ihren Vorstellungen. Laufzeit, Anzahlung sowie eine optionale Schlussrate &hellip; <\/p>\n<p class=\"link-more\"><a href=\"https:\/\/www.ledilaser.de\/?page_id=488\" class=\"more-link\"><span class=\"screen-reader-text\">\u201eFinanzierung\u201c <\/span>weiterlesen<\/a><\/p>\n","protected":false},"author":3,"featured_media":0,"parent":0,"menu_order":0,"comment_status":"closed","ping_status":"closed","template":"","meta":{"footnotes":""},"class_list":["post-488","page","type-page","status-publish","hentry"],"_links":{"self":[{"href":"https:\/\/www.ledilaser.de\/index.php?rest_route=\/wp\/v2\/pages\/488","targetHints":{"allow":["GET"]}}],"collection":[{"href":"https:\/\/www.ledilaser.de\/index.php?rest_route=\/wp\/v2\/pages"}],"about":[{"href":"https:\/\/www.ledilaser.de\/index.php?rest_route=\/wp\/v2\/types\/page"}],"author":[{"embeddable":true,"href":"https:\/\/www.ledilaser.de\/index.php?rest_route=\/wp\/v2\/users\/3"}],"replies":[{"embeddable":true,"href":"https:\/\/www.ledilaser.de\/index.php?rest_route=%2Fwp%2Fv2%2Fcomments&post=488"}],"version-history":[{"count":1,"href":"https:\/\/www.ledilaser.de\/index.php?rest_route=\/wp\/v2\/pages\/488\/revisions"}],"predecessor-version":[{"id":491,"href":"https:\/\/www.ledilaser.de\/index.php?rest_route=\/wp\/v2\/pages\/488\/revisions\/491"}],"wp:attachment":[{"href":"https:\/\/www.ledilaser.de\/index.php?rest_route=%2Fwp%2Fv2%2Fmedia&parent=488"}],"curies":[{"name":"wp","href":"https:\/\/api.w.org\/{rel}","templated":true}]}}