{"id":296,"date":"2025-12-24T14:57:09","date_gmt":"2025-12-24T13:57:09","guid":{"rendered":"https:\/\/www.ledilaser.de\/?page_id=296"},"modified":"2026-01-03T16:46:35","modified_gmt":"2026-01-03T15:46:35","slug":"produkte","status":"publish","type":"page","link":"https:\/\/www.ledilaser.de\/?page_id=296","title":{"rendered":"Produkte"},"content":{"rendered":"\n<p>\u00dcber die Folgenden Links gelangen Sie zu den einzelnen Produktseiten:<\/p>\n\n\n\n<p><strong><a href=\"https:\/\/www.ledilaser.de\/?page_id=83\">Faserlaser Schneidmaschinen<\/a><\/strong><\/p>\n\n\n\n<p><strong><a href=\"https:\/\/www.ledilaser.de\/?page_id=88\">Lasergraviermaschinen<\/a><\/strong><\/p>\n\n\n\n<p><strong><a href=\"https:\/\/www.ledilaser.de\/?page_id=86\">CO2 Laserschneidmaschinen<\/a><\/strong><\/p>\n\n\n\n<p><strong><a href=\"https:\/\/www.ledilaser.de\/?page_id=93\">Laserreinigungsmaschinen<\/a><\/strong><\/p>\n\n\n\n<p><strong><a href=\"https:\/\/www.ledilaser.de\/?page_id=91\">Laserschwei\u00dfmaschinen<\/a><\/strong><\/p>\n\n\n\n<p><strong><a href=\"https:\/\/www.ledilaser.de\/?page_id=95\">Schraubenkompressoren<\/a><\/strong><\/p>\n\n\n\n<p><a href=\"https:\/\/www.ledilaser.de\/?page_id=320\" data-type=\"page\" data-id=\"320\"><strong>Filterabsaugungen<\/strong><\/a><\/p>\n\n\n\n<p><strong><a href=\"https:\/\/www.ledilaser.de\/?page_id=97\">Roboterl\u00f6sungen<\/a><\/strong><\/p>\n\n\n\n<p><strong><a href=\"https:\/\/www.ledilaser.de\/?page_id=99\">Reverse Engineering und Messtechnik<\/a><\/strong><\/p>\n\n\n\n<p><strong><a href=\"https:\/\/www.ledilaser.de\/?page_id=101\">Zubeh\u00f6r<\/a><\/strong><\/p>\n","protected":false},"excerpt":{"rendered":"<p>\u00dcber die Folgenden Links gelangen Sie zu den einzelnen Produktseiten: Faserlaser Schneidmaschinen Lasergraviermaschinen CO2 Laserschneidmaschinen Laserreinigungsmaschinen Laserschwei\u00dfmaschinen Schraubenkompressoren Filterabsaugungen Roboterl\u00f6sungen Reverse Engineering und Messtechnik Zubeh\u00f6r<\/p>\n","protected":false},"author":3,"featured_media":0,"parent":0,"menu_order":0,"comment_status":"closed","ping_status":"closed","template":"","meta":{"footnotes":""},"class_list":["post-296","page","type-page","status-publish","hentry"],"_links":{"self":[{"href":"https:\/\/www.ledilaser.de\/index.php?rest_route=\/wp\/v2\/pages\/296","targetHints":{"allow":["GET"]}}],"collection":[{"href":"https:\/\/www.ledilaser.de\/index.php?rest_route=\/wp\/v2\/pages"}],"about":[{"href":"https:\/\/www.ledilaser.de\/index.php?rest_route=\/wp\/v2\/types\/page"}],"author":[{"embeddable":true,"href":"https:\/\/www.ledilaser.de\/index.php?rest_route=\/wp\/v2\/users\/3"}],"replies":[{"embeddable":true,"href":"https:\/\/www.ledilaser.de\/index.php?rest_route=%2Fwp%2Fv2%2Fcomments&post=296"}],"version-history":[{"count":2,"href":"https:\/\/www.ledilaser.de\/index.php?rest_route=\/wp\/v2\/pages\/296\/revisions"}],"predecessor-version":[{"id":323,"href":"https:\/\/www.ledilaser.de\/index.php?rest_route=\/wp\/v2\/pages\/296\/revisions\/323"}],"wp:attachment":[{"href":"https:\/\/www.ledilaser.de\/index.php?rest_route=%2Fwp%2Fv2%2Fmedia&parent=296"}],"curies":[{"name":"wp","href":"https:\/\/api.w.org\/{rel}","templated":true}]}}