{"id":190,"date":"2025-12-23T17:51:48","date_gmt":"2025-12-23T16:51:48","guid":{"rendered":"https:\/\/www.ledilaser.de\/?page_id=190"},"modified":"2025-12-23T17:53:15","modified_gmt":"2025-12-23T16:53:15","slug":"partnerseiten","status":"publish","type":"page","link":"https:\/\/www.ledilaser.de\/?page_id=190","title":{"rendered":"Partnerseiten"},"content":{"rendered":"\n<p>\u00dcber die Folgenden Links erreichen Sie unsere anderen Seiten.<\/p>\n\n\n\n<p><a href=\"https:\/\/www.lp-models.click\/\">LP Models<\/a><\/p>\n\n\n\n<p><a href=\"https:\/\/www.lupi-waermetauscher.de\/\">LUPI W\u00e4rmetechnik <\/a><\/p>\n\n\n\n<p><a href=\"http:\/\/lupi-praezisionstechnik.de\">LUPI Pr\u00e4zisionstechnik<\/a><\/p>\n\n\n\n<p><\/p>\n","protected":false},"excerpt":{"rendered":"<p>\u00dcber die Folgenden Links erreichen Sie unsere anderen Seiten. LP Models LUPI W\u00e4rmetechnik LUPI Pr\u00e4zisionstechnik<\/p>\n","protected":false},"author":3,"featured_media":0,"parent":0,"menu_order":0,"comment_status":"closed","ping_status":"closed","template":"","meta":{"footnotes":""},"class_list":["post-190","page","type-page","status-publish","hentry"],"_links":{"self":[{"href":"https:\/\/www.ledilaser.de\/index.php?rest_route=\/wp\/v2\/pages\/190","targetHints":{"allow":["GET"]}}],"collection":[{"href":"https:\/\/www.ledilaser.de\/index.php?rest_route=\/wp\/v2\/pages"}],"about":[{"href":"https:\/\/www.ledilaser.de\/index.php?rest_route=\/wp\/v2\/types\/page"}],"author":[{"embeddable":true,"href":"https:\/\/www.ledilaser.de\/index.php?rest_route=\/wp\/v2\/users\/3"}],"replies":[{"embeddable":true,"href":"https:\/\/www.ledilaser.de\/index.php?rest_route=%2Fwp%2Fv2%2Fcomments&post=190"}],"version-history":[{"count":2,"href":"https:\/\/www.ledilaser.de\/index.php?rest_route=\/wp\/v2\/pages\/190\/revisions"}],"predecessor-version":[{"id":193,"href":"https:\/\/www.ledilaser.de\/index.php?rest_route=\/wp\/v2\/pages\/190\/revisions\/193"}],"wp:attachment":[{"href":"https:\/\/www.ledilaser.de\/index.php?rest_route=%2Fwp%2Fv2%2Fmedia&parent=190"}],"curies":[{"name":"wp","href":"https:\/\/api.w.org\/{rel}","templated":true}]}}