{"id":13,"date":"2025-10-18T10:55:34","date_gmt":"2025-10-18T08:55:34","guid":{"rendered":"https:\/\/www.ledilaser.de\/?page_id=13"},"modified":"2026-01-09T12:14:53","modified_gmt":"2026-01-09T11:14:53","slug":"ueber","status":"publish","type":"page","link":"https:\/\/www.ledilaser.de\/?page_id=13","title":{"rendered":"\u00dcber uns"},"content":{"rendered":"\n<h2 class=\"wp-block-heading\"><a href=\"https:\/\/www.ledilaser.de\/?page_id=134\">Firmengeschichte<\/a>  Tradition trifft Innovation seit 1952<\/h2>\n\n\n\n<p>Seit \u00fcber 70 Jahren sind wir ununterbrochen am Markt t\u00e4tig und verbinden Erfahrung mit technologischem Fortschritt. Was 1952 als Elektrogesch\u00e4ft unter der Leitung meines Gro\u00dfvaters begann, entwickelte sich stetig weiter: In den 1980er Jahren spezialisierten wir uns auf die Produktion von Sonnenkollektoren, bevor wir ab dem Jahr 2000 unseren Fokus auf die Fertigung hochwertiger W\u00e4rmetauscher legten \u2013 ein Gesch\u00e4ftsfeld, in dem wir bis heute erfolgreich t\u00e4tig sind.<\/p>\n\n\n\n<p>Bereits seit 2010 setzen wir Lasermaschinen von Ledi Lasertechnology in unserer eigenen Produktion ein und kennen daher die Anforderungen und M\u00f6glichkeiten dieser Technologie aus erster Hand.  2023 erhielten wir die exklusive M\u00f6glichkeit, die Generalvertretung von Ledi Lasertechnology f\u00fcr Deutschland, \u00d6sterreich und die Schweiz zu \u00fcbernehmen.<\/p>\n\n\n\n<p>F\u00fcr diesen Zweck wurde neben der <a href=\"https:\/\/www.lupi-waermetauscher.de\/\">LUPI W\u00e4rmetechnik GmbH<\/a> die<a href=\"https:\/\/www.lupi-praezisionstechnik.de\/\"> LUPI Pr\u00e4zisionstechnik GmbH<\/a> gegr\u00fcndet \u2013 ein logischer Schritt, um unsere langj\u00e4hrige Expertise in der Lasertechnologie nun auch unseren Kunden zug\u00e4nglich zu machen.<\/p>\n","protected":false},"excerpt":{"rendered":"<p>Firmengeschichte Tradition trifft Innovation seit 1952 Seit \u00fcber 70 Jahren sind wir ununterbrochen am Markt t\u00e4tig und verbinden Erfahrung mit technologischem Fortschritt. Was 1952 als Elektrogesch\u00e4ft unter der Leitung meines Gro\u00dfvaters begann, entwickelte sich stetig weiter: In den 1980er Jahren spezialisierten wir uns auf die Produktion von Sonnenkollektoren, bevor wir ab dem Jahr 2000 unseren &hellip; <\/p>\n<p class=\"link-more\"><a href=\"https:\/\/www.ledilaser.de\/?page_id=13\" class=\"more-link\"><span class=\"screen-reader-text\">\u201e\u00dcber uns\u201c <\/span>weiterlesen<\/a><\/p>\n","protected":false},"author":1,"featured_media":426,"parent":0,"menu_order":0,"comment_status":"closed","ping_status":"closed","template":"","meta":{"footnotes":""},"class_list":["post-13","page","type-page","status-publish","has-post-thumbnail","hentry"],"_links":{"self":[{"href":"https:\/\/www.ledilaser.de\/index.php?rest_route=\/wp\/v2\/pages\/13","targetHints":{"allow":["GET"]}}],"collection":[{"href":"https:\/\/www.ledilaser.de\/index.php?rest_route=\/wp\/v2\/pages"}],"about":[{"href":"https:\/\/www.ledilaser.de\/index.php?rest_route=\/wp\/v2\/types\/page"}],"author":[{"embeddable":true,"href":"https:\/\/www.ledilaser.de\/index.php?rest_route=\/wp\/v2\/users\/1"}],"replies":[{"embeddable":true,"href":"https:\/\/www.ledilaser.de\/index.php?rest_route=%2Fwp%2Fv2%2Fcomments&post=13"}],"version-history":[{"count":9,"href":"https:\/\/www.ledilaser.de\/index.php?rest_route=\/wp\/v2\/pages\/13\/revisions"}],"predecessor-version":[{"id":304,"href":"https:\/\/www.ledilaser.de\/index.php?rest_route=\/wp\/v2\/pages\/13\/revisions\/304"}],"wp:featuredmedia":[{"embeddable":true,"href":"https:\/\/www.ledilaser.de\/index.php?rest_route=\/wp\/v2\/media\/426"}],"wp:attachment":[{"href":"https:\/\/www.ledilaser.de\/index.php?rest_route=%2Fwp%2Fv2%2Fmedia&parent=13"}],"curies":[{"name":"wp","href":"https:\/\/api.w.org\/{rel}","templated":true}]}}