{"id":12,"date":"2025-10-18T10:55:33","date_gmt":"2025-10-18T08:55:33","guid":{"rendered":"https:\/\/www.ledilaser.de\/?page_id=12"},"modified":"2026-01-09T12:08:48","modified_gmt":"2026-01-09T11:08:48","slug":"startseite","status":"publish","type":"page","link":"https:\/\/www.ledilaser.de\/","title":{"rendered":"Startseite"},"content":{"rendered":"\n<p><strong><a href=\"https:\/\/www.ledilaser.de\/?page_id=296\">Produkte<\/a><\/strong><\/p>\n\n\n\n<p>Von CO2- und Fiberlaser-Schneidmaschinen \u00fcber Lasergravur, Laserschwei\u00dfen und Laserreinigung bis hin zu automatisierten Cobot-Systemen \u2013 wir bieten Ihnen das komplette Spektrum modernster Lasertechnologie. Erg\u00e4nzt durch Schraubenkompressoren, Messtechnik und umfangreiches Zubeh\u00f6r erhalten Sie bei uns alles aus einer Hand. Senken Sie Ihre Betriebskosten nachhaltig und steigern Sie Ihre Produktivit\u00e4t.<\/p>\n\n\n\n<p><\/p>\n","protected":false},"excerpt":{"rendered":"<p>Produkte Von CO2- und Fiberlaser-Schneidmaschinen \u00fcber Lasergravur, Laserschwei\u00dfen und Laserreinigung bis hin zu automatisierten Cobot-Systemen \u2013 wir bieten Ihnen das komplette Spektrum modernster Lasertechnologie. Erg\u00e4nzt durch Schraubenkompressoren, Messtechnik und umfangreiches Zubeh\u00f6r erhalten Sie bei uns alles aus einer Hand. Senken Sie Ihre Betriebskosten nachhaltig und steigern Sie Ihre Produktivit\u00e4t.<\/p>\n","protected":false},"author":1,"featured_media":425,"parent":0,"menu_order":0,"comment_status":"closed","ping_status":"closed","template":"","meta":{"footnotes":""},"class_list":["post-12","page","type-page","status-publish","has-post-thumbnail","hentry"],"_links":{"self":[{"href":"https:\/\/www.ledilaser.de\/index.php?rest_route=\/wp\/v2\/pages\/12","targetHints":{"allow":["GET"]}}],"collection":[{"href":"https:\/\/www.ledilaser.de\/index.php?rest_route=\/wp\/v2\/pages"}],"about":[{"href":"https:\/\/www.ledilaser.de\/index.php?rest_route=\/wp\/v2\/types\/page"}],"author":[{"embeddable":true,"href":"https:\/\/www.ledilaser.de\/index.php?rest_route=\/wp\/v2\/users\/1"}],"replies":[{"embeddable":true,"href":"https:\/\/www.ledilaser.de\/index.php?rest_route=%2Fwp%2Fv2%2Fcomments&post=12"}],"version-history":[{"count":4,"href":"https:\/\/www.ledilaser.de\/index.php?rest_route=\/wp\/v2\/pages\/12\/revisions"}],"predecessor-version":[{"id":300,"href":"https:\/\/www.ledilaser.de\/index.php?rest_route=\/wp\/v2\/pages\/12\/revisions\/300"}],"wp:featuredmedia":[{"embeddable":true,"href":"https:\/\/www.ledilaser.de\/index.php?rest_route=\/wp\/v2\/media\/425"}],"wp:attachment":[{"href":"https:\/\/www.ledilaser.de\/index.php?rest_route=%2Fwp%2Fv2%2Fmedia&parent=12"}],"curies":[{"name":"wp","href":"https:\/\/api.w.org\/{rel}","templated":true}]}}