{"id":101,"date":"2025-12-22T16:42:21","date_gmt":"2025-12-22T15:42:21","guid":{"rendered":"https:\/\/www.ledilaser.de\/?page_id=101"},"modified":"2025-12-24T13:12:25","modified_gmt":"2025-12-24T12:12:25","slug":"zubehoer","status":"publish","type":"page","link":"https:\/\/www.ledilaser.de\/?page_id=101","title":{"rendered":"Zubeh\u00f6r"},"content":{"rendered":"\n<hr class=\"wp-block-separator has-alpha-channel-opacity\"\/>\n\n\n\n<p><strong>Zubeh\u00f6r f\u00fcr Laser-Graviermaschinen \u2013 Dreheinheiten f\u00fcr maximale Flexibilit\u00e4t<\/strong><\/p>\n\n\n\n<p>Erweitern Sie die M\u00f6glichkeiten Ihrer Lasergraviermaschine mit unserem umfassenden Sortiment an professionellen Dreheinheiten. Diese erm\u00f6glichen die pr\u00e4zise Bearbeitung zylindrischer und rotationssymmetrischer Werkst\u00fccke.<\/p>\n\n\n\n<p>Ob Flaschen, Gl\u00e4ser, Rohre, Ringe oder andere runde Objekte \u2013 mit den passenden Dreheinheiten gravieren und markieren Sie auch komplexe Geometrien mit h\u00f6chster Pr\u00e4zision. Alle Systeme sind perfekt auf unsere Lasermaschinen abgestimmt und gew\u00e4hrleisten reibungslose Integration in Ihre Produktionsprozesse.<\/p>\n\n\n\n<figure class=\"wp-block-image size-large\"><img loading=\"lazy\" decoding=\"async\" width=\"1024\" height=\"768\" src=\"https:\/\/www.ledilaser.de\/wp-content\/uploads\/2025\/12\/20251220_161530-1024x768.jpg\" alt=\"\" class=\"wp-image-170\" srcset=\"https:\/\/www.ledilaser.de\/wp-content\/uploads\/2025\/12\/20251220_161530-1024x768.jpg 1024w, https:\/\/www.ledilaser.de\/wp-content\/uploads\/2025\/12\/20251220_161530-300x225.jpg 300w, https:\/\/www.ledilaser.de\/wp-content\/uploads\/2025\/12\/20251220_161530-768x576.jpg 768w, https:\/\/www.ledilaser.de\/wp-content\/uploads\/2025\/12\/20251220_161530-1536x1152.jpg 1536w, https:\/\/www.ledilaser.de\/wp-content\/uploads\/2025\/12\/20251220_161530.jpg 1600w\" sizes=\"auto, (max-width: 767px) 89vw, (max-width: 1000px) 54vw, (max-width: 1071px) 543px, 580px\" \/><\/figure>\n","protected":false},"excerpt":{"rendered":"<p>Zubeh\u00f6r f\u00fcr Laser-Graviermaschinen \u2013 Dreheinheiten f\u00fcr maximale Flexibilit\u00e4t Erweitern Sie die M\u00f6glichkeiten Ihrer Lasergraviermaschine mit unserem umfassenden Sortiment an professionellen Dreheinheiten. Diese erm\u00f6glichen die pr\u00e4zise Bearbeitung zylindrischer und rotationssymmetrischer Werkst\u00fccke. Ob Flaschen, Gl\u00e4ser, Rohre, Ringe oder andere runde Objekte \u2013 mit den passenden Dreheinheiten gravieren und markieren Sie auch komplexe Geometrien mit h\u00f6chster Pr\u00e4zision. Alle &hellip; <\/p>\n<p class=\"link-more\"><a href=\"https:\/\/www.ledilaser.de\/?page_id=101\" class=\"more-link\"><span class=\"screen-reader-text\">\u201eZubeh\u00f6r\u201c <\/span>weiterlesen<\/a><\/p>\n","protected":false},"author":3,"featured_media":0,"parent":0,"menu_order":0,"comment_status":"closed","ping_status":"closed","template":"","meta":{"footnotes":""},"class_list":["post-101","page","type-page","status-publish","hentry"],"_links":{"self":[{"href":"https:\/\/www.ledilaser.de\/index.php?rest_route=\/wp\/v2\/pages\/101","targetHints":{"allow":["GET"]}}],"collection":[{"href":"https:\/\/www.ledilaser.de\/index.php?rest_route=\/wp\/v2\/pages"}],"about":[{"href":"https:\/\/www.ledilaser.de\/index.php?rest_route=\/wp\/v2\/types\/page"}],"author":[{"embeddable":true,"href":"https:\/\/www.ledilaser.de\/index.php?rest_route=\/wp\/v2\/users\/3"}],"replies":[{"embeddable":true,"href":"https:\/\/www.ledilaser.de\/index.php?rest_route=%2Fwp%2Fv2%2Fcomments&post=101"}],"version-history":[{"count":4,"href":"https:\/\/www.ledilaser.de\/index.php?rest_route=\/wp\/v2\/pages\/101\/revisions"}],"predecessor-version":[{"id":272,"href":"https:\/\/www.ledilaser.de\/index.php?rest_route=\/wp\/v2\/pages\/101\/revisions\/272"}],"wp:attachment":[{"href":"https:\/\/www.ledilaser.de\/index.php?rest_route=%2Fwp%2Fv2%2Fmedia&parent=101"}],"curies":[{"name":"wp","href":"https:\/\/api.w.org\/{rel}","templated":true}]}}